{"id":1903,"date":"2026-03-30T16:12:56","date_gmt":"2026-03-30T15:12:56","guid":{"rendered":"https:\/\/www.chroma.es\/politica-de-cookies\/"},"modified":"2026-03-30T16:12:58","modified_gmt":"2026-03-30T15:12:58","slug":"politica-de-cookies","status":"publish","type":"page","link":"https:\/\/www.chroma.es\/es\/politica-de-cookies\/","title":{"rendered":"pol\u00edtica de cookies"},"content":{"rendered":"<p>[et_pb_section fb_built=\u00bb1&#8243; admin_label=\u00bbsection\u00bb _builder_version=\u00bb4.16&#8243; global_colors_info=\u00bb{}\u00bb][et_pb_row admin_label=\u00bbrow\u00bb _builder_version=\u00bb4.16&#8243; background_size=\u00bbinitial\u00bb background_position=\u00bbtop_left\u00bb background_repeat=\u00bbrepeat\u00bb global_colors_info=\u00bb{}\u00bb][et_pb_column type=\u00bb4_4&#8243; _builder_version=\u00bb4.16&#8243; custom_padding=\u00bb|||\u00bb global_colors_info=\u00bb{}\u00bb custom_padding__hover=\u00bb|||\u00bb][et_pb_text _builder_version=\u00bb4.27.6&#8243; _module_preset=\u00bbdefault\u00bb header_font=\u00bb|800|||||||\u00bb header_text_align=\u00bbcenter\u00bb global_colors_info=\u00bb{}\u00bb]<\/p>\n<h1>Pol\u00edtica de privacidad<\/h1>\n<p>[\/et_pb_text][et_pb_text _builder_version=\u00bb4.27.6&#8243; _module_preset=\u00bbdefault\u00bb text_font=\u00bbPoppins|300|||||||\u00bb header_4_font=\u00bb|700|||||||\u00bb global_colors_info=\u00bb{}\u00bb]<\/p>\n<p data-start=\"0\" data-end=\"270\"><strong data-start=\"0\" data-end=\"18\">Nombre de dominio:<\/strong> <a class=\"decorated-link\" href=\"https:\/\/chroma.es\" target=\"_new\" rel=\"noopener\" data-start=\"19\" data-end=\"36\">https:\/\/chroma.es<\/a><br data-start=\"36\" data-end=\"39\" \/><strong data-start=\"39\" data-end=\"57\">Nombre comercial:<\/strong> Chroma Restauraci\u00f3<br data-start=\"76\" data-end=\"79\" \/><strong data-start=\"79\" data-end=\"102\">Denominaci\u00f3n social:<\/strong> Chroma Restauraci\u00f3 del Patrimoni Arquitect\u00f2nic SL<br data-start=\"152\" data-end=\"155\" \/><strong data-start=\"155\" data-end=\"175\">Domicilio social:<\/strong> Carrer Escudellers Blancs, 3 bis, 08002, Barcelona<br data-start=\"226\" data-end=\"229\" \/><strong data-start=\"229\" data-end=\"251\">Correo electr\u00f3nico:<\/strong> <a class=\"decorated-link cursor-pointer\" rel=\"noopener\" data-start=\"252\" data-end=\"268\">taller@chroma.es<\/a><\/p>\n<p><\/p>\n<p data-start=\"0\" data-end=\"270\">\u00a0<\/p>\n<p><\/p>\n<p data-start=\"277\" data-end=\"498\">Esta <strong data-start=\"285\" data-end=\"311\">Pol\u00edtica de Privacidad<\/strong> describe c\u00f3mo chroma.es recopila, utiliza y protege la informaci\u00f3n personal que puede recoger de sus usuarios. Al utilizar este sitio web, usted acepta los t\u00e9rminos de esta pol\u00edtica.<\/p>\n<p><\/p>\n<p data-start=\"277\" data-end=\"498\">\u00a0<\/p>\n<p><\/p>\n<h2 data-section-id=\"a1hz63\" data-start=\"505\" data-end=\"532\">Informaci\u00f3n que recopilamos<\/h2>\n<p><\/p>\n<ul data-start=\"534\" data-end=\"1123\">\n<li data-section-id=\"bey3q3\" data-start=\"534\" data-end=\"803\">\n<p data-start=\"536\" data-end=\"803\"><strong data-start=\"536\" data-end=\"575\">Informaci\u00f3n de identificaci\u00f3n personal<\/strong>, como el nombre y la direcci\u00f3n de correo electr\u00f3nico, que usted proporciona voluntariamente al registrarse en nuestro sitio web, suscribirse a nuestro bolet\u00edn, completar formularios o interactuar con el sitio de cualquier otra forma.<\/p>\n<\/li>\n<li data-section-id=\"1ui5mjt\" data-start=\"804\" data-end=\"964\">\n<p data-start=\"806\" data-end=\"964\"><strong data-start=\"806\" data-end=\"850\">Informaci\u00f3n no identificable personalmente<\/strong>, como la direcci\u00f3n IP de su ordenador, el tipo de navegador, el sistema operativo y otros datos t\u00e9cnicos.<\/p>\n<\/li>\n<li data-section-id=\"wxl11m\" data-start=\"965\" data-end=\"1123\">\n<p data-start=\"967\" data-end=\"1123\"><strong data-start=\"967\" data-end=\"1020\">Informaci\u00f3n sobre c\u00f3mo utiliza nuestro sitio web<\/strong>, como las p\u00e1ginas que visita, las b\u00fasquedas que realiza y otras acciones que lleva a cabo en el sitio.<\/p>\n<\/li>\n<\/ul>\n<p><\/p>\n<p>&nbsp;<\/p>\n<p><\/p>\n<h2 data-section-id=\"1szi6yz\" data-start=\"1130\" data-end=\"1160\">C\u00f3mo utilizamos la informaci\u00f3n<\/h2>\n<p><\/p>\n<p data-start=\"1162\" data-end=\"1227\">Utilizamos la informaci\u00f3n recopilada para las siguientes finalidades:<\/p>\n<p><\/p>\n<ul data-start=\"1229\" data-end=\"1613\">\n<li data-section-id=\"1sibju5\" data-start=\"1229\" data-end=\"1323\">\n<p data-start=\"1231\" data-end=\"1323\">Personalizar su experiencia en nuestro sitio web y proporcionar contenido relevante.<\/p>\n<\/li>\n<li data-section-id=\"183quyi\" data-start=\"1324\" data-end=\"1439\">\n<p data-start=\"1326\" data-end=\"1439\">Enviar informaci\u00f3n de marketing, boletines y comunicaciones promocionales que puedan ser de su inter\u00e9s.<\/p>\n<\/li>\n<li data-section-id=\"5a7nzh\" data-start=\"1440\" data-end=\"1497\">\n<p data-start=\"1442\" data-end=\"1497\">Mejorar nuestro sitio web y los servicios que ofrecemos.<\/p>\n<\/li>\n<li data-section-id=\"1xa9b1a\" data-start=\"1498\" data-end=\"1613\">\n<p data-start=\"1500\" data-end=\"1613\">Analizar el comportamiento de los usuarios y llevar a cabo investigaciones para mejorar nuestros productos y servicios.<\/p>\n<\/li>\n<\/ul>\n<p><\/p>\n<p>&nbsp;<\/p>\n<p><\/p>\n<h2 data-section-id=\"mkfr6a\" data-start=\"1620\" data-end=\"1656\">C\u00f3mo protegemos su informaci\u00f3n<\/h2>\n<p><\/p>\n<p data-start=\"1658\" data-end=\"1920\">Nos comprometemos a proteger su informaci\u00f3n personal y a tomar medidas razonables para garantizar su seguridad. Utilizamos medidas de seguridad <strong data-start=\"1806\" data-end=\"1847\">t\u00e9cnicas, administrativas y f\u00edsicas<\/strong> para proteger la informaci\u00f3n contra el acceso no autorizado y la divulgaci\u00f3n.<\/p>\n<p><\/p>\n<p data-start=\"1658\" data-end=\"1920\">\u00a0<\/p>\n<p><\/p>\n<h2 data-section-id=\"w8pk70\" data-start=\"1927\" data-end=\"1964\">Comunicaci\u00f3n de informaci\u00f3n a terceros<\/h2>\n<p><\/p>\n<p data-start=\"1966\" data-end=\"2216\">No vendemos, alquilamos ni compartimos su informaci\u00f3n personal con terceros, excepto cuando sea necesario para cumplir con la legislaci\u00f3n aplicable o en caso de una transacci\u00f3n comercial. En tal caso, se le informar\u00e1 y se obtendr\u00e1 su consentimiento.<\/p>\n<p><\/p>\n<p data-start=\"1966\" data-end=\"2216\">\u00a0<\/p>\n<p><\/p>\n<h2 data-section-id=\"i79aqn\" data-start=\"2223\" data-end=\"2266\">Cambios en esta Pol\u00edtica de Privacidad<\/h2>\n<p><\/p>\n<p data-start=\"2268\" data-end=\"2434\">Nos reservamos el derecho de modificar esta Pol\u00edtica de Privacidad en cualquier momento. Los cambios entrar\u00e1n en vigor en el momento en que se publiquen en esta p\u00e1gina.<\/p>\n<p><\/p>\n<p data-start=\"2268\" data-end=\"2434\">\u00a0<\/p>\n<p><\/p>\n<h2 data-section-id=\"1c78x6o\" data-start=\"2441\" data-end=\"2452\">Contacto<\/h2>\n<p><\/p>\n<p data-start=\"2454\" data-end=\"2605\" data-is-last-node=\"\" data-is-only-node=\"\">Si tiene cualquier pregunta o duda sobre nuestra Pol\u00edtica de Privacidad, puede ponerse en contacto con nosotros a trav\u00e9s de <strong data-start=\"2584\" data-end=\"2604\"><a class=\"decorated-link cursor-pointer\" rel=\"noopener\" data-start=\"2586\" data-end=\"2602\">taller@chroma.es<\/a><\/strong><\/p>\n<p>[\/et_pb_text][\/et_pb_column][\/et_pb_row][\/et_pb_section]<\/p>\n","protected":false},"excerpt":{"rendered":"<p>Pol\u00edtica de privacidadNombre de dominio: https:\/\/chroma.esNombre comercial: Chroma Restauraci\u00f3Denominaci\u00f3n social: Chroma Restauraci\u00f3 del Patrimoni Arquitect\u00f2nic SLDomicilio social: Carrer Escudellers Blancs, 3 bis, 08002, BarcelonaCorreo electr\u00f3nico: taller@chroma.es\u00a0Esta Pol\u00edtica de Privacidad describe c\u00f3mo chroma.es recopila, utiliza y protege la informaci\u00f3n personal que puede recoger de sus usuarios. Al utilizar este sitio web, usted acepta los t\u00e9rminos de [&hellip;]<\/p>\n","protected":false},"author":1,"featured_media":0,"parent":0,"menu_order":0,"comment_status":"closed","ping_status":"open","template":"","meta":{"_et_pb_use_builder":"on","_et_pb_old_content":"","_et_gb_content_width":"","footnotes":""},"class_list":["post-1903","page","type-page","status-publish","hentry"],"_links":{"self":[{"href":"https:\/\/www.chroma.es\/es\/wp-json\/wp\/v2\/pages\/1903","targetHints":{"allow":["GET"]}}],"collection":[{"href":"https:\/\/www.chroma.es\/es\/wp-json\/wp\/v2\/pages"}],"about":[{"href":"https:\/\/www.chroma.es\/es\/wp-json\/wp\/v2\/types\/page"}],"author":[{"embeddable":true,"href":"https:\/\/www.chroma.es\/es\/wp-json\/wp\/v2\/users\/1"}],"replies":[{"embeddable":true,"href":"https:\/\/www.chroma.es\/es\/wp-json\/wp\/v2\/comments?post=1903"}],"version-history":[{"count":2,"href":"https:\/\/www.chroma.es\/es\/wp-json\/wp\/v2\/pages\/1903\/revisions"}],"predecessor-version":[{"id":1905,"href":"https:\/\/www.chroma.es\/es\/wp-json\/wp\/v2\/pages\/1903\/revisions\/1905"}],"wp:attachment":[{"href":"https:\/\/www.chroma.es\/es\/wp-json\/wp\/v2\/media?parent=1903"}],"curies":[{"name":"wp","href":"https:\/\/api.w.org\/{rel}","templated":true}]}}