{"id":1277,"date":"2021-05-18T16:36:11","date_gmt":"2021-05-18T15:36:11","guid":{"rendered":"https:\/\/www.chroma.es\/taller-a-ciutat-vella\/"},"modified":"2026-04-09T08:38:35","modified_gmt":"2026-04-09T07:38:35","slug":"taller-a-ciutat-vella","status":"publish","type":"page","link":"https:\/\/www.chroma.es\/es\/taller-a-ciutat-vella\/","title":{"rendered":"Taller a ciutat vella"},"content":{"rendered":"<p>[et_pb_section fb_built=\u00bb1&#8243; _builder_version=\u00bb4.16&#8243; _module_preset=\u00bbdefault\u00bb custom_margin=\u00bb||||false|false\u00bb custom_padding=\u00bb0px||3px||false|false\u00bb global_colors_info=\u00bb{}\u00bb][et_pb_row _builder_version=\u00bb4.16&#8243; _module_preset=\u00bbdefault\u00bb custom_margin=\u00bb0px||0px||false|false\u00bb custom_padding=\u00bb0px||0px||false|false\u00bb global_colors_info=\u00bb{}\u00bb][et_pb_column type=\u00bb4_4&#8243; _builder_version=\u00bb4.16&#8243; _module_preset=\u00bbdefault\u00bb global_colors_info=\u00bb{}\u00bb][et_pb_text _builder_version=\u00bb4.27.6&#8243; _module_preset=\u00bbdefault\u00bb text_font=\u00bb|700|||||||\u00bb custom_margin=\u00bb||0px||false|false\u00bb custom_padding=\u00bb||||false|false\u00bb hover_enabled=\u00bb0&#8243; global_colors_info=\u00bb{}\u00bb sticky_enabled=\u00bb0&#8243;]<\/p>\n<p style=\"text-align: right;\">Quienes somos<\/p>\n<p>[\/et_pb_text][et_pb_divider _builder_version=\u00bb4.16&#8243; _module_preset=\u00bbdefault\u00bb custom_margin=\u00bb||0px||false|false\u00bb custom_padding=\u00bb||0px||false|false\u00bb global_colors_info=\u00bb{}\u00bb][\/et_pb_divider][et_pb_menu menu_id=\u00bb4&#8243; submenu_direction=\u00bbdownwards\u00bb active_link_color=\u00bb#000000&#8243; _builder_version=\u00bb4.9.2&#8243; _module_preset=\u00bbdefault\u00bb menu_font=\u00bb||||||||\u00bb custom_css_main_element=\u00bbfloat: right;\u00bb custom_css_active_menu_link=\u00bbfont-weight: bold;||||\u00bb global_module=\u00bb1040&#8243; global_colors_info=\u00bb{}\u00bb][\/et_pb_menu][\/et_pb_column][\/et_pb_row][\/et_pb_section][et_pb_section fb_built=\u00bb1&#8243; _builder_version=\u00bb4.16&#8243; _module_preset=\u00bbdefault\u00bb custom_padding=\u00bb0px||0px||false|false\u00bb global_colors_info=\u00bb{}\u00bb][et_pb_row _builder_version=\u00bb4.16&#8243; _module_preset=\u00bbdefault\u00bb custom_margin=\u00bb||||false|false\u00bb custom_padding=\u00bb0px||||false|false\u00bb global_colors_info=\u00bb{}\u00bb][et_pb_column type=\u00bb4_4&#8243; _builder_version=\u00bb4.16&#8243; _module_preset=\u00bbdefault\u00bb global_colors_info=\u00bb{}\u00bb][et_pb_text _builder_version=\u00bb4.27.6&#8243; _module_preset=\u00bbdefault\u00bb text_font=\u00bb|700|||||||\u00bb text_text_color=\u00bb#000000&#8243; text_font_size=\u00bb25px\u00bb hover_enabled=\u00bb0&#8243; global_colors_info=\u00bb{}\u00bb sticky_enabled=\u00bb0&#8243;]<\/p>\n<p>Taller a Ciutat Vella<\/p>\n<p>[\/et_pb_text][et_pb_text _builder_version=\u00bb4.16&#8243; _module_preset=\u00bbdefault\u00bb global_colors_info=\u00bb{}\u00bb]<\/p>\n<p>No es casualidad que el taller de Chroma est\u00e9 situado en el centro de la ciudad antigua de Barcelona. Pues la estimaci\u00f3n del patrimonio hist\u00f3rico consiste en vivir cada d\u00eda e integrarnos en su interior. Nuestro taller se encuentra ubicado en las cocheras de un antiguo Palacio del siglo XIX de Ciutat Vella, entre las Ramblas de Barcelona, \u200b\u200bla plaza Sant Jaume I, la calle Ferran y vasares, justo detr\u00e1s de la Plaza Real.<\/p>\n<p>[\/et_pb_text][et_pb_image src=\u00bbhttps:\/\/www.chroma.es\/wp-content\/uploads\/2021\/04\/Imatge3.png\u00bb title_text=\u00bbImatge3&#8243; align=\u00bbcenter\u00bb force_fullwidth=\u00bbon\u00bb _builder_version=\u00bb4.16&#8243; _module_preset=\u00bbdefault\u00bb global_colors_info=\u00bb{}\u00bb][\/et_pb_image][et_pb_text _builder_version=\u00bb4.16&#8243; _module_preset=\u00bbdefault\u00bb global_colors_info=\u00bb{}\u00bb]<\/p>\n<p>El taller de Chroma de 400 m2 de superficie cuenta con m\u00faltiples espacios para las diferentes especialidades y para desarrollar los trabajos necesarios para nuestras obras y proyectos. Dispone de un espacio para la fabricaci\u00f3n de pinturas a medida partir de consolidantes minerales; otro para la fabricaci\u00f3n de morteros y piezas de piedra artificial; un laboratorio de muestras y an\u00e1lisis de \u00e1ridos; un espacio para la restauraci\u00f3n de bienes muebles (pinturas, esculturas, muebles, etc &#8230;), varios almacenes organizados por tipo como puede ser productos qu\u00edmicos, piezas cer\u00e1micas recuperadas (nolla e hidr\u00e1ulicos, etc &#8230;.) y tambi\u00e9n contamos con un taller sat\u00e9lite de carpinter\u00eda y cerrajer\u00eda.<\/p>\n<p><\/p>\n<p>Chroma es consecuente con su filosof\u00eda de trabajar con materiales naturales, sostenibles y tradicionales y por esta raz\u00f3n, en nuestro taller no se ver\u00e1 nunca un saco de cemento portland y otros materiales inadecuados para la arquitectura hist\u00f3rica.<\/p>\n<p>[\/et_pb_text][\/et_pb_column][\/et_pb_row][et_pb_row column_structure=\u00bb1_2,1_2&#8243; use_custom_gutter=\u00bbon\u00bb gutter_width=\u00bb1&#8243; _builder_version=\u00bb4.16&#8243; _module_preset=\u00bbdefault\u00bb custom_padding=\u00bb0px||||false|false\u00bb global_colors_info=\u00bb{}\u00bb][et_pb_column type=\u00bb1_2&#8243; _builder_version=\u00bb4.16&#8243; _module_preset=\u00bbdefault\u00bb global_colors_info=\u00bb{}\u00bb][et_pb_image src=\u00bbhttps:\/\/www.chroma.es\/wp-content\/uploads\/2021\/03\/DSC_4864_opt.jpg\u00bb title_text=\u00bbTaller a ciutat vella 2&#8243; _builder_version=\u00bb4.16&#8243; _module_preset=\u00bbdefault\u00bb global_colors_info=\u00bb{}\u00bb][\/et_pb_image][\/et_pb_column][et_pb_column type=\u00bb1_2&#8243; _builder_version=\u00bb4.16&#8243; _module_preset=\u00bbdefault\u00bb global_colors_info=\u00bb{}\u00bb][et_pb_image src=\u00bbhttps:\/\/www.chroma.es\/wp-content\/uploads\/2021\/03\/DSC_4858_opt.jpg\u00bb title_text=\u00bbTaller a ciutat vella\u00bb _builder_version=\u00bb4.16&#8243; _module_preset=\u00bbdefault\u00bb global_colors_info=\u00bb{}\u00bb][\/et_pb_image][\/et_pb_column][\/et_pb_row][et_pb_row _builder_version=\u00bb4.16&#8243; _module_preset=\u00bbdefault\u00bb custom_padding=\u00bb0px||||false|false\u00bb global_colors_info=\u00bb{}\u00bb][et_pb_column type=\u00bb4_4&#8243; _builder_version=\u00bb4.16&#8243; _module_preset=\u00bbdefault\u00bb global_colors_info=\u00bb{}\u00bb][et_pb_image src=\u00bbhttps:\/\/www.chroma.es\/wp-content\/uploads\/2021\/04\/Imatge4.png\u00bb title_text=\u00bbImatge4&#8243; _builder_version=\u00bb4.16&#8243; _module_preset=\u00bbdefault\u00bb global_colors_info=\u00bb{}\u00bb][\/et_pb_image][et_pb_image src=\u00bbhttps:\/\/www.chroma.es\/wp-content\/uploads\/2021\/04\/Imatge5.png\u00bb title_text=\u00bbImatge5&#8243; _builder_version=\u00bb4.16&#8243; _module_preset=\u00bbdefault\u00bb global_colors_info=\u00bb{}\u00bb][\/et_pb_image][\/et_pb_column][\/et_pb_row][et_pb_row column_structure=\u00bb1_2,1_2&#8243; use_custom_gutter=\u00bbon\u00bb gutter_width=\u00bb1&#8243; _builder_version=\u00bb4.16&#8243; _module_preset=\u00bbdefault\u00bb custom_padding=\u00bb0px||0px||false|false\u00bb global_colors_info=\u00bb{}\u00bb][et_pb_column type=\u00bb1_2&#8243; _builder_version=\u00bb4.16&#8243; _module_preset=\u00bbdefault\u00bb global_colors_info=\u00bb{}\u00bb][et_pb_image src=\u00bbhttps:\/\/www.chroma.es\/wp-content\/uploads\/2021\/03\/DSC_4864_opt.jpg\u00bb title_text=\u00bbTaller a ciutat vella 2&#8243; _builder_version=\u00bb4.16&#8243; _module_preset=\u00bbdefault\u00bb global_colors_info=\u00bb{}\u00bb][\/et_pb_image][\/et_pb_column][et_pb_column type=\u00bb1_2&#8243; _builder_version=\u00bb4.16&#8243; _module_preset=\u00bbdefault\u00bb global_colors_info=\u00bb{}\u00bb][et_pb_image src=\u00bbhttps:\/\/www.chroma.es\/wp-content\/uploads\/2021\/03\/DSC_4858_opt.jpg\u00bb title_text=\u00bbTaller a ciutat vella\u00bb _builder_version=\u00bb4.16&#8243; _module_preset=\u00bbdefault\u00bb global_colors_info=\u00bb{}\u00bb][\/et_pb_image][\/et_pb_column][\/et_pb_row][et_pb_row _builder_version=\u00bb4.16&#8243; _module_preset=\u00bbdefault\u00bb custom_padding=\u00bb||0px||false|false\u00bb global_colors_info=\u00bb{}\u00bb][et_pb_column type=\u00bb4_4&#8243; _builder_version=\u00bb4.16&#8243; _module_preset=\u00bbdefault\u00bb global_colors_info=\u00bb{}\u00bb][et_pb_image src=\u00bbhttps:\/\/www.chroma.es\/wp-content\/uploads\/2021\/05\/Taller01.png\u00bb title_text=\u00bbTaller01&#8243; _builder_version=\u00bb4.16&#8243; _module_preset=\u00bbdefault\u00bb global_colors_info=\u00bb{}\u00bb][\/et_pb_image][\/et_pb_column][\/et_pb_row][et_pb_row _builder_version=\u00bb4.16&#8243; _module_preset=\u00bbdefault\u00bb global_colors_info=\u00bb{}\u00bb][et_pb_column type=\u00bb4_4&#8243; _builder_version=\u00bb4.16&#8243; _module_preset=\u00bbdefault\u00bb global_colors_info=\u00bb{}\u00bb][et_pb_text _builder_version=\u00bb4.27.4&#8243; _module_preset=\u00bbdefault\u00bb global_colors_info=\u00bb{}\u00bb]<\/p>\n<p style=\"text-align: justify;\"><span style=\"color: #000000;\">El taller tambi\u00e9n quiere ser un espacio de encuentro cultural, donde se organizan clases, charlas y conferencias que tienen como finalidad difundir el reconocimiento, la descripci\u00f3n y la recuperaci\u00f3n del patrimonio construido. Asimismo, en<span style=\"font-size: 18px;\">\u00a0d\u00edas festivos o v\u00edsperas, los dos espacios m\u00e1s grandes del taller a menudo sirven para celebrar encuentros culturales como conciertos, obras de teatro, exposiciones, presentaciones de libros, etc&#8230;<\/span><\/span><\/p>\n<p><\/p>\n<p style=\"text-align: justify;\"><span style=\"color: #000000;\">En la misma l\u00ednea pedag\u00f3gica, acogemos a estudiantes en pr\u00e1cticas de diferentes \u00e1mbitos y procedentes de diferentes instituciones, como la Escola Massana, La Llotja, la facultad de Bellas Artes de la Universidad de Barcelona, \u200b\u200bla facultad de Arquitectura de la UPC, y j\u00f3venes extranjeros en intercambio cultural y\/o de trabajo.<\/span><\/p>\n<p>[\/et_pb_text][et_pb_image src=\u00bbhttps:\/\/www.chroma.es\/wp-content\/uploads\/2021\/05\/Taller02.png\u00bb title_text=\u00bbTaller02&#8243; _builder_version=\u00bb4.16&#8243; _module_preset=\u00bbdefault\u00bb global_colors_info=\u00bb{}\u00bb][\/et_pb_image][et_pb_image src=\u00bbhttps:\/\/www.chroma.es\/wp-content\/uploads\/2021\/05\/Taller03.png\u00bb title_text=\u00bbTaller03&#8243; _builder_version=\u00bb4.16&#8243; _module_preset=\u00bbdefault\u00bb global_colors_info=\u00bb{}\u00bb][\/et_pb_image][et_pb_image src=\u00bbhttps:\/\/www.chroma.es\/wp-content\/uploads\/2021\/05\/Taller04.png\u00bb title_text=\u00bbTaller04&#8243; _builder_version=\u00bb4.16&#8243; _module_preset=\u00bbdefault\u00bb global_colors_info=\u00bb{}\u00bb][\/et_pb_image][\/et_pb_column][\/et_pb_row][\/et_pb_section]<\/p>\n","protected":false},"excerpt":{"rendered":"<p>Quienes somosTaller a Ciutat VellaNo es casualidad que el taller de Chroma est\u00e9 situado en el centro de la ciudad antigua de Barcelona. Pues la estimaci\u00f3n del patrimonio hist\u00f3rico consiste en vivir cada d\u00eda e integrarnos en su interior. Nuestro taller se encuentra ubicado en las cocheras de un antiguo Palacio del siglo XIX de [&hellip;]<\/p>\n","protected":false},"author":1,"featured_media":0,"parent":0,"menu_order":0,"comment_status":"closed","ping_status":"closed","template":"","meta":{"_et_pb_use_builder":"on","_et_pb_old_content":"","_et_gb_content_width":"","footnotes":""},"class_list":["post-1277","page","type-page","status-publish","hentry"],"_links":{"self":[{"href":"https:\/\/www.chroma.es\/es\/wp-json\/wp\/v2\/pages\/1277","targetHints":{"allow":["GET"]}}],"collection":[{"href":"https:\/\/www.chroma.es\/es\/wp-json\/wp\/v2\/pages"}],"about":[{"href":"https:\/\/www.chroma.es\/es\/wp-json\/wp\/v2\/types\/page"}],"author":[{"embeddable":true,"href":"https:\/\/www.chroma.es\/es\/wp-json\/wp\/v2\/users\/1"}],"replies":[{"embeddable":true,"href":"https:\/\/www.chroma.es\/es\/wp-json\/wp\/v2\/comments?post=1277"}],"version-history":[{"count":10,"href":"https:\/\/www.chroma.es\/es\/wp-json\/wp\/v2\/pages\/1277\/revisions"}],"predecessor-version":[{"id":2230,"href":"https:\/\/www.chroma.es\/es\/wp-json\/wp\/v2\/pages\/1277\/revisions\/2230"}],"wp:attachment":[{"href":"https:\/\/www.chroma.es\/es\/wp-json\/wp\/v2\/media?parent=1277"}],"curies":[{"name":"wp","href":"https:\/\/api.w.org\/{rel}","templated":true}]}}