{"id":1271,"date":"2021-05-18T16:31:37","date_gmt":"2021-05-18T15:31:37","guid":{"rendered":"https:\/\/www.chroma.es\/restauracion-y-sostenibilidad\/"},"modified":"2026-04-08T16:53:06","modified_gmt":"2026-04-08T15:53:06","slug":"restauracion-y-sostenibilidad","status":"publish","type":"page","link":"https:\/\/www.chroma.es\/es\/restauracion-y-sostenibilidad\/","title":{"rendered":"Restauraci\u00f3n y sostenibilidad"},"content":{"rendered":"<p>[et_pb_section fb_built=\u00bb1&#8243; _builder_version=\u00bb4.16&#8243; _module_preset=\u00bbdefault\u00bb custom_margin=\u00bb||||false|false\u00bb custom_padding=\u00bb0px||3px||false|false\u00bb global_colors_info=\u00bb{}\u00bb][et_pb_row _builder_version=\u00bb4.16&#8243; _module_preset=\u00bbdefault\u00bb custom_margin=\u00bb0px||0px||false|false\u00bb custom_padding=\u00bb0px||0px||false|false\u00bb global_colors_info=\u00bb{}\u00bb][et_pb_column type=\u00bb4_4&#8243; _builder_version=\u00bb4.16&#8243; _module_preset=\u00bbdefault\u00bb global_colors_info=\u00bb{}\u00bb][et_pb_text _builder_version=\u00bb4.27.6&#8243; _module_preset=\u00bbdefault\u00bb text_font=\u00bb|700|||||||\u00bb custom_margin=\u00bb||0px||false|false\u00bb custom_padding=\u00bb||||false|false\u00bb hover_enabled=\u00bb0&#8243; global_colors_info=\u00bb{}\u00bb sticky_enabled=\u00bb0&#8243;]<\/p>\n<p style=\"text-align: right;\">Quienes somos<\/p>\n<p>[\/et_pb_text][et_pb_divider _builder_version=\u00bb4.16&#8243; _module_preset=\u00bbdefault\u00bb custom_margin=\u00bb||0px||false|false\u00bb custom_padding=\u00bb||0px||false|false\u00bb global_colors_info=\u00bb{}\u00bb][\/et_pb_divider][et_pb_menu menu_id=\u00bb4&#8243; submenu_direction=\u00bbdownwards\u00bb active_link_color=\u00bb#000000&#8243; _builder_version=\u00bb4.9.2&#8243; _module_preset=\u00bbdefault\u00bb menu_font=\u00bb||||||||\u00bb hover_enabled=\u00bb0&#8243; custom_css_main_element=\u00bbfloat: right;\u00bb custom_css_active_menu_link=\u00bbfont-weight: bold;||||\u00bb global_module=\u00bb1040&#8243; global_colors_info=\u00bb{}\u00bb sticky_enabled=\u00bb0&#8243;][\/et_pb_menu][\/et_pb_column][\/et_pb_row][\/et_pb_section][et_pb_section fb_built=\u00bb1&#8243; _builder_version=\u00bb4.16&#8243; _module_preset=\u00bbdefault\u00bb custom_margin=\u00bb||||false|false\u00bb custom_padding=\u00bb0px||0px||false|false\u00bb global_colors_info=\u00bb{}\u00bb][et_pb_row _builder_version=\u00bb4.16&#8243; _module_preset=\u00bbdefault\u00bb custom_padding=\u00bb0px||||false|false\u00bb hover_enabled=\u00bb0&#8243; global_colors_info=\u00bb{}\u00bb sticky_enabled=\u00bb0&#8243;][et_pb_column type=\u00bb4_4&#8243; _builder_version=\u00bb4.16&#8243; _module_preset=\u00bbdefault\u00bb global_colors_info=\u00bb{}\u00bb][et_pb_text _builder_version=\u00bb4.27.6&#8243; _module_preset=\u00bbdefault\u00bb text_font=\u00bb|700|||||||\u00bb text_text_color=\u00bb#000000&#8243; text_font_size=\u00bb25px\u00bb custom_margin=\u00bb||0px||false|false\u00bb custom_padding=\u00bb||||false|false\u00bb hover_enabled=\u00bb0&#8243; global_colors_info=\u00bb{}\u00bb sticky_enabled=\u00bb0&#8243;]<\/p>\n<p style=\"text-align: justify;\">Restauraci\u00f3n y sostenibilidad<\/p>\n<p><\/p>\n<p style=\"padding-left: 40px;\">\u00a0<\/p>\n<p>[\/et_pb_text][et_pb_text _builder_version=\u00bb4.27.4&#8243; _module_preset=\u00bbdefault\u00bb global_colors_info=\u00bb{}\u00bb]<\/p>\n<p style=\"text-align: justify;\">La filosof\u00eda de trabajo de Chroma responde los criterios de las tres entidades que velan actualmente &#8211; de forma diferente &#8211; para salvaguardar el patrimonio cultural. Estos criterios son, b\u00e1sicamente:<\/p>\n<p><\/p>\n<p style=\"padding-left: 40px;\">&#8211;\u00a0\u00a0\u00a0 Respetar y salvaguardar todos los elementos constructivos, sus materiales y sus t\u00e9cnicas de ejecuci\u00f3n.<\/p>\n<p><\/p>\n<p style=\"padding-left: 40px;\">&#8211;\u00a0\u00a0\u00a0 Respetar las p\u00e1tinas de envejecimiento que los recubren y las huellas, de todo tipo, que el tiempo ha dejado sobre estos.<\/p>\n<p><\/p>\n<p style=\"padding-left: 40px;\">&#8211;\u00a0\u00a0\u00a0 Hacer actuaciones que sean reversibles.<\/p>\n<p><\/p>\n<p style=\"padding-left: 40px;\">&#8211;\u00a0\u00a0\u00a0 No hacer falsos hist\u00f3ricos.<\/p>\n<p><\/p>\n<p style=\"padding-left: 40px;\">&#8211;\u00a0\u00a0\u00a0 Hacer intervenciones m\u00ednimas: el estrictamente necesario.<\/p>\n<p><\/p>\n<p style=\"padding-left: 40px;\">&#8211;\u00a0\u00a0\u00a0 Documentar, con precisi\u00f3n, toda la intervenci\u00f3n llevada a cabo.<\/p>\n<p>[\/et_pb_text][\/et_pb_column][\/et_pb_row][et_pb_row _builder_version=\u00bb4.16&#8243; _module_preset=\u00bbdefault\u00bb custom_padding=\u00bb0px||0px||false|false\u00bb global_colors_info=\u00bb{}\u00bb][et_pb_column type=\u00bb4_4&#8243; _builder_version=\u00bb4.16&#8243; _module_preset=\u00bbdefault\u00bb global_colors_info=\u00bb{}\u00bb][et_pb_image src=\u00bbhttps:\/\/www.chroma.es\/wp-content\/uploads\/2021\/05\/Restauracio01.jpg\u00bb title_text=\u00bbRestauracio01&#8243; align=\u00bbcenter\u00bb _builder_version=\u00bb4.16&#8243; _module_preset=\u00bbdefault\u00bb global_colors_info=\u00bb{}\u00bb][\/et_pb_image][et_pb_text _builder_version=\u00bb4.27.4&#8243; _module_preset=\u00bbdefault\u00bb global_colors_info=\u00bb{}\u00bb]<\/p>\n<p style=\"text-align: justify;\">A Chroma apostamos por trabajar con materiales respetuosos con el medio ambiente y que ayuden a crear espacios saludables para las personas. Estamos totalmente en contra de la utilizaci\u00f3n de pinturas sint\u00e9ticas que eviten la transpirabilidad de los muros o morteros modernos con incorporaci\u00f3n de aditivos no naturales incompatibles con la arquitectura hist\u00f3rica y que provocan la creaci\u00f3n de espacios t\u00f3xicos, presencia de humedades, bacterias, hongos etc &#8230; y que van en contra salud de las personas. Cada vez m\u00e1s tenemos m\u00e1s clientes &#8211; t\u00e9cnicos y propietarios- que nos reclaman la restauraci\u00f3n de espacios insalubres donde durante los a\u00f1os, para solucionar estos problemas, s\u00f3lo se han ido a\u00f1adiendo capas y capas de materiales sint\u00e9ticos.<\/p>\n<p><\/p>\n<p>\u00a0\u00a0\u00a0\u00a0\u00a0\u00a0\u00a0\u00a0\u00a0\u00a0\u00a0\u00a0\u00a0\u00a0\u00a0\u00a0\u00a0\u00a0\u00a0\u00a0 <i>Ejemplo de un vest\u00edbulo restaurado por <\/i><i>Chroma<\/i><i>, con la formaci\u00f3n de una nueva solera natural de opus <\/i><i>signinum<\/i><i> para solucionar los problemas de humedades.<\/i><\/p>\n<p>[\/et_pb_text][et_pb_image src=\u00bbhttps:\/\/www.chroma.es\/wp-content\/uploads\/2021\/04\/Imatge1-2.png\u00bb title_text=\u00bbImagen1&#8243; _builder_version=\u00bb4.16&#8243; _module_preset=\u00bbdefault\u00bb custom_margin=\u00bb||||false|false\u00bb custom_padding=\u00bb0px||0px||false|false\u00bb global_colors_info=\u00bb{}\u00bb][\/et_pb_image][et_pb_text _builder_version=\u00bb4.27.4&#8243; _module_preset=\u00bbdefault\u00bb global_colors_info=\u00bb{}\u00bb]<\/p>\n<p style=\"text-align: justify;\">La arquitectura tradicional ten\u00eda mucho conocimiento asociado a la salud y al medio, por parte de los maestros de obras y constructores. Por este motivo se constru\u00eda teniendo en cuenta, la orientaci\u00f3n, el clima, los materiales naturales de la zona y que minimizaba el impacto medioambiental. Con los \u00faltimos 100 a\u00f1os, donde se ha producido una fuerte evoluci\u00f3n industrial, combinado con el af\u00e1n de la construcci\u00f3n r\u00e1pida y masificada desgraciadamente ha provocado la p\u00e9rdida de todo este conocimiento, por parte de los t\u00e9cnicos, constructores y operarios. Los nuevos materiales industrializados no requieren de un oficio tradicional para saberlo aplicar y as\u00ed con los a\u00f1os se ha ido perdiendo unas tradiciones ancestrales del buen hacer.<\/p>\n<p>[\/et_pb_text][et_pb_image src=\u00bbhttps:\/\/www.chroma.es\/wp-content\/uploads\/2021\/04\/Imatge2-1.png\u00bb title_text=\u00bbImagen2&#8243; _builder_version=\u00bb4.16&#8243; _module_preset=\u00bbdefault\u00bb custom_padding=\u00bb0px||0px||false|false\u00bb global_colors_info=\u00bb{}\u00bb][\/et_pb_image][et_pb_text _builder_version=\u00bb4.27.4&#8243; _module_preset=\u00bbdefault\u00bb global_colors_info=\u00bb{}\u00bb]<\/p>\n<p style=\"text-align: justify;\">Chroma apuesta por la recuperaci\u00f3n gremial actualizada y asociada a los materiales y t\u00e9cnicas tradicionales. Nuestra voluntad de I + D nos ha dado el conocimiento suficiente para determinar los materiales, la combinaci\u00f3n de estos y c\u00f3mo aplicarlos para poder conseguir habitables sostenibles y con val\u00eda hist\u00f3rico-art\u00edstica. Somos especialistas con construcci\u00f3n y restauraci\u00f3n sostenible. Trabajamos con cal apagada o a\u00e9rea (que contribuye a la absorci\u00f3n del CO2 de la atm\u00f3sfera), cal hidr\u00e1ulica, cemento natural, arcillas, cer\u00e1micas manuales, fibras (ca\u00f1a, juta, c\u00e1\u00f1amo, etc &#8230;) y adiciones (cascarillas de arroz, puzolanas, escorias etc &#8230;) y aditivos naturales. Es por ello, que una gran parte de nuestro trabajo y disfrute consiste en el asesoramiento de t\u00e9cnicos y propietarios de inmuebles en este \u00e1mbito. Realizamos campa\u00f1as experimentales y estudios t\u00e9cnicos para formular materiales a medida en cada caso, informes de procesos de restauraci\u00f3n siguiendo estos criterios y podemos asesorar a la obra o bien, lo ejecutamos<\/p>\n<p>[\/et_pb_text][et_pb_image src=\u00bbhttps:\/\/www.chroma.es\/wp-content\/uploads\/2021\/04\/Imatge4-1.png\u00bb title_text=\u00bbImatge4&#8243; _builder_version=\u00bb4.16&#8243; _module_preset=\u00bbdefault\u00bb custom_padding=\u00bb0px||0px||false|false\u00bb global_colors_info=\u00bb{}\u00bb][\/et_pb_image][et_pb_text _builder_version=\u00bb4.27.4&#8243; _module_preset=\u00bbdefault\u00bb global_colors_info=\u00bb{}\u00bb]<\/p>\n<p>No os ha pasado alguna vez, que est\u00e1 a una mas\u00eda, una casa hist\u00f3rica, en la ciudad o el campos y no sabe porque pero se siente bien? Los materiales naturales utilizados en estos espacios son los responsables de estas sensaciones. Estos transpiran, no son al\u00e9rgenos, absorben y aten\u00faan las diferentes tipos de radiaciones y consiguen aclimatarse a los usuarios t\u00e9rmicamente a trav\u00e9s de la inercia t\u00e9rmica de los muros.<\/p>\n<p><\/p>\n<p>Por el contrario, cuando entre en un espacio hist\u00f3rico mal restaurado ver\u00e1 que la sensaci\u00f3n es toda la opuesta. No te sientes c\u00f3modo, no es acogedor, y te invita a estar poco rato. Haga la prueba!<\/p>\n<p>[\/et_pb_text][et_pb_image src=\u00bbhttps:\/\/www.chroma.es\/wp-content\/uploads\/2021\/04\/Imatge5-1.png\u00bb title_text=\u00bbImatge5&#8243; _builder_version=\u00bb4.16&#8243; _module_preset=\u00bbdefault\u00bb custom_padding=\u00bb0px||0px||false|false\u00bb global_colors_info=\u00bb{}\u00bb][\/et_pb_image][\/et_pb_column][\/et_pb_row][\/et_pb_section]<\/p>\n","protected":false},"excerpt":{"rendered":"<p>Quienes somosRestauraci\u00f3n y sostenibilidad\u00a0La filosof\u00eda de trabajo de Chroma responde los criterios de las tres entidades que velan actualmente &#8211; de forma diferente &#8211; para salvaguardar el patrimonio cultural. Estos criterios son, b\u00e1sicamente:-\u00a0\u00a0\u00a0 Respetar y salvaguardar todos los elementos constructivos, sus materiales y sus t\u00e9cnicas de ejecuci\u00f3n.-\u00a0\u00a0\u00a0 Respetar las p\u00e1tinas de envejecimiento que los recubren [&hellip;]<\/p>\n","protected":false},"author":1,"featured_media":0,"parent":0,"menu_order":0,"comment_status":"closed","ping_status":"closed","template":"","meta":{"_et_pb_use_builder":"on","_et_pb_old_content":"","_et_gb_content_width":"","footnotes":""},"class_list":["post-1271","page","type-page","status-publish","hentry"],"_links":{"self":[{"href":"https:\/\/www.chroma.es\/es\/wp-json\/wp\/v2\/pages\/1271","targetHints":{"allow":["GET"]}}],"collection":[{"href":"https:\/\/www.chroma.es\/es\/wp-json\/wp\/v2\/pages"}],"about":[{"href":"https:\/\/www.chroma.es\/es\/wp-json\/wp\/v2\/types\/page"}],"author":[{"embeddable":true,"href":"https:\/\/www.chroma.es\/es\/wp-json\/wp\/v2\/users\/1"}],"replies":[{"embeddable":true,"href":"https:\/\/www.chroma.es\/es\/wp-json\/wp\/v2\/comments?post=1271"}],"version-history":[{"count":17,"href":"https:\/\/www.chroma.es\/es\/wp-json\/wp\/v2\/pages\/1271\/revisions"}],"predecessor-version":[{"id":2178,"href":"https:\/\/www.chroma.es\/es\/wp-json\/wp\/v2\/pages\/1271\/revisions\/2178"}],"wp:attachment":[{"href":"https:\/\/www.chroma.es\/es\/wp-json\/wp\/v2\/media?parent=1271"}],"curies":[{"name":"wp","href":"https:\/\/api.w.org\/{rel}","templated":true}]}}