{"id":1264,"date":"2021-05-18T12:07:28","date_gmt":"2021-05-18T11:07:28","guid":{"rendered":"https:\/\/www.chroma.es\/que-hacemos\/"},"modified":"2026-04-08T16:09:32","modified_gmt":"2026-04-08T15:09:32","slug":"que-hacemos","status":"publish","type":"page","link":"https:\/\/www.chroma.es\/es\/que-hacemos\/","title":{"rendered":"Qu\u00e9 hacemos"},"content":{"rendered":"<p>[et_pb_section fb_built=\u00bb1&#8243; _builder_version=\u00bb4.16&#8243; _module_preset=\u00bbdefault\u00bb custom_margin=\u00bb||||false|false\u00bb custom_padding=\u00bb0px||3px||false|false\u00bb global_colors_info=\u00bb{}\u00bb][et_pb_row _builder_version=\u00bb4.16&#8243; _module_preset=\u00bbdefault\u00bb custom_margin=\u00bb0px||0px||false|false\u00bb custom_padding=\u00bb0px||0px||false|false\u00bb global_colors_info=\u00bb{}\u00bb][et_pb_column type=\u00bb4_4&#8243; _builder_version=\u00bb4.16&#8243; _module_preset=\u00bbdefault\u00bb global_colors_info=\u00bb{}\u00bb][et_pb_post_title meta=\u00bboff\u00bb featured_image=\u00bboff\u00bb _builder_version=\u00bb4.27.6&#8243; _module_preset=\u00bbdefault\u00bb title_font=\u00bb|700|||||||\u00bb title_font_size=\u00bb20px\u00bb text_orientation=\u00bbright\u00bb custom_margin=\u00bb10px||0px||false|false\u00bb custom_padding=\u00bb||||false|false\u00bb hover_enabled=\u00bb0&#8243; global_colors_info=\u00bb{}\u00bb sticky_enabled=\u00bb0&#8243;][\/et_pb_post_title][et_pb_divider _builder_version=\u00bb4.16&#8243; _module_preset=\u00bbdefault\u00bb custom_margin=\u00bb||0px||false|false\u00bb custom_padding=\u00bb||0px||false|false\u00bb global_colors_info=\u00bb{}\u00bb][\/et_pb_divider][\/et_pb_column][\/et_pb_row][\/et_pb_section][et_pb_section fb_built=\u00bb1&#8243; _builder_version=\u00bb4.16&#8243; _module_preset=\u00bbdefault\u00bb custom_padding=\u00bb0px||0px||false|false\u00bb hover_enabled=\u00bb0&#8243; global_colors_info=\u00bb{}\u00bb sticky_enabled=\u00bb0&#8243;][et_pb_row column_structure=\u00bb1_4,1_4,1_4,1_4&#8243; use_custom_gutter=\u00bbon\u00bb gutter_width=\u00bb2&#8243; make_equal=\u00bbon\u00bb _builder_version=\u00bb4.16&#8243; _module_preset=\u00bbdefault\u00bb custom_padding=\u00bb||15px||false|false\u00bb hover_enabled=\u00bb0&#8243; global_colors_info=\u00bb{}\u00bb sticky_enabled=\u00bb0&#8243; width=\u00bb70%\u00bb transform_scale_linked=\u00bboff\u00bb transform_translate_linked=\u00bboff\u00bb][et_pb_column type=\u00bb1_4&#8243; _builder_version=\u00bb4.16&#8243; _module_preset=\u00bbdefault\u00bb global_colors_info=\u00bb{}\u00bb][et_pb_cta _builder_version=\u00bb4.27.6&#8243; _module_preset=\u00bbdefault\u00bb background_image=\u00bbhttps:\/\/www.chroma.es\/wp-content\/uploads\/2021\/04\/Imatge1.png\u00bb height=\u00bb150px\u00bb height_tablet=\u00bb200px\u00bb height_phone=\u00bb200px\u00bb height_last_edited=\u00bbon|phone\u00bb max_height=\u00bb200px\u00bb custom_margin=\u00bb||0px||false|false\u00bb custom_padding=\u00bb||||false|false\u00bb link_option_url=\u00bbhttps:\/\/www.chroma.es\/es\/restauracion-patrimonial\/\u00bb global_colors_info=\u00bb{}\u00bb][\/et_pb_cta][et_pb_text _builder_version=\u00bb4.27.6&#8243; _module_preset=\u00bbdefault\u00bb text_font=\u00bb||||||||\u00bb text_font_size=\u00bb12px\u00bb text_line_height=\u00bb1.3em\u00bb header_font=\u00bb||||||||\u00bb header_2_font_size=\u00bb14px\u00bb header_2_line_height=\u00bb0em\u00bb text_orientation=\u00bbright\u00bb custom_margin=\u00bb12px||||false|false\u00bb custom_padding=\u00bb||||false|false\u00bb hover_enabled=\u00bb0&#8243; global_colors_info=\u00bb{}\u00bb sticky_enabled=\u00bb0&#8243;]<\/p>\n<h2><span style=\"color: #ff9900; font-size: 13px;\">RESTAURACI\u00d3N PATRIMONIAL<\/span><\/h2>\n<p>Inmuebles catalogados<br \/>Interiores y exteriores<\/p>\n<p>[\/et_pb_text][\/et_pb_column][et_pb_column type=\u00bb1_4&#8243; _builder_version=\u00bb4.16&#8243; _module_preset=\u00bbdefault\u00bb global_colors_info=\u00bb{}\u00bb][et_pb_cta _builder_version=\u00bb4.27.6&#8243; _module_preset=\u00bbdefault\u00bb body_font_size=\u00bb14px\u00bb background_image=\u00bbhttps:\/\/www.chroma.es\/wp-content\/uploads\/2021\/04\/EstudisCromatics.png\u00bb height=\u00bb150px\u00bb height_tablet=\u00bb200px\u00bb height_phone=\u00bb200px\u00bb height_last_edited=\u00bbon|phone\u00bb max_height=\u00bb200px\u00bb max_height_last_edited=\u00bboff|desktop\u00bb custom_margin=\u00bb||0px||false|false\u00bb link_option_url=\u00bbhttps:\/\/www.chroma.es\/es\/estudios-y-analisis-de-materiales\/\u00bb global_colors_info=\u00bb{}\u00bb][\/et_pb_cta][et_pb_text _builder_version=\u00bb4.27.6&#8243; _module_preset=\u00bbdefault\u00bb text_font=\u00bb||||||||\u00bb text_font_size=\u00bb12px\u00bb text_line_height=\u00bb1.2em\u00bb header_font=\u00bb||||||||\u00bb header_2_font_size=\u00bb14px\u00bb header_2_line_height=\u00bb0em\u00bb text_orientation=\u00bbright\u00bb custom_margin=\u00bb12px||||false|false\u00bb custom_padding=\u00bb0px||||false|false\u00bb hover_enabled=\u00bb0&#8243; global_colors_info=\u00bb{}\u00bb sticky_enabled=\u00bb0&#8243;]<\/p>\n<h2><span style=\"color: #ff9900; font-size: 13px;\">ESTUDIOS Y AN\u00c1LISIS <\/span><\/h2>\n<h2><span style=\"color: #ff9900; font-size: 13px;\">DE MATERIALES<\/span><\/h2>\n<p>Historicart\u00edsticos, crom\u00e1ticos. Laboratorio de materiales<\/p>\n<p>[\/et_pb_text][\/et_pb_column][et_pb_column type=\u00bb1_4&#8243; _builder_version=\u00bb4.16&#8243; _module_preset=\u00bbdefault\u00bb global_colors_info=\u00bb{}\u00bb][et_pb_cta _builder_version=\u00bb4.27.6&#8243; _dynamic_attributes=\u00bblink_option_url\u00bb _module_preset=\u00bbdefault\u00bb background_image=\u00bbhttps:\/\/www.chroma.es\/wp-content\/uploads\/2026\/03\/DSC_6541-1-scaled.jpg\u00bb height=\u00bb150px\u00bb height_tablet=\u00bb200px\u00bb height_phone=\u00bb200px\u00bb height_last_edited=\u00bbon|phone\u00bb max_height=\u00bb200px\u00bb custom_margin=\u00bb||0px||false|false\u00bb link_option_url=\u00bb@ET-DC@eyJkeW5hbWljIjp0cnVlLCJjb250ZW50IjoicG9zdF9saW5rX3VybF9wYWdlIiwic2V0dGluZ3MiOnsicG9zdF9pZCI6IjE1OTcifX0=@\u00bb global_colors_info=\u00bb{}\u00bb][\/et_pb_cta][et_pb_text _builder_version=\u00bb4.27.6&#8243; _module_preset=\u00bbdefault\u00bb text_font=\u00bb||||||||\u00bb text_font_size=\u00bb12px\u00bb text_line_height=\u00bb1.2em\u00bb header_font=\u00bb||||||||\u00bb header_2_font_size=\u00bb14px\u00bb header_2_line_height=\u00bb0em\u00bb text_orientation=\u00bbright\u00bb custom_margin=\u00bb12px||||false|false\u00bb custom_padding=\u00bb||||false|false\u00bb hover_enabled=\u00bb0&#8243; global_colors_info=\u00bb{}\u00bb sticky_enabled=\u00bb0&#8243;]<\/p>\n<h2><span style=\"color: #ff9900; font-size: 13px;\">PATRIMONI INDUSTRIAL<\/span><\/h2>\n<p>Ci\u00e8ncia i t\u00e8cnica, restauraci\u00f3, posta en marxa de maquin\u00e0ria<\/p>\n<p>[\/et_pb_text][\/et_pb_column][et_pb_column type=\u00bb1_4&#8243; _builder_version=\u00bb4.16&#8243; _module_preset=\u00bbdefault\u00bb global_colors_info=\u00bb{}\u00bb][et_pb_cta _builder_version=\u00bb4.27.6&#8243; _dynamic_attributes=\u00bblink_option_url\u00bb _module_preset=\u00bbdefault\u00bb background_color=\u00bbrgba(224,153,0,0.2)\u00bb background_image=\u00bbhttps:\/\/www.chroma.es\/wp-content\/uploads\/2026\/03\/WhatsApp-Image-2021-05-20-at-14.33.31.jpeg\u00bb height=\u00bb150px\u00bb height_tablet=\u00bb200px\u00bb height_phone=\u00bb200px\u00bb height_last_edited=\u00bbon|phone\u00bb max_height=\u00bb200px\u00bb custom_margin=\u00bb||0px||false|false\u00bb link_option_url=\u00bb@ET-DC@eyJkeW5hbWljIjp0cnVlLCJjb250ZW50IjoicG9zdF9saW5rX3VybF9wYWdlIiwic2V0dGluZ3MiOnsicG9zdF9pZCI6IjE2MDIifX0=@\u00bb global_colors_info=\u00bb{}\u00bb][\/et_pb_cta][et_pb_text _builder_version=\u00bb4.27.6&#8243; _module_preset=\u00bbdefault\u00bb text_font=\u00bb||||||||\u00bb text_font_size=\u00bb12px\u00bb text_line_height=\u00bb1.2em\u00bb header_font=\u00bb||||||||\u00bb header_2_font_size=\u00bb14px\u00bb header_2_line_height=\u00bb0em\u00bb text_orientation=\u00bbright\u00bb custom_margin=\u00bb12px||||false|false\u00bb custom_padding=\u00bb||||false|false\u00bb hover_enabled=\u00bb0&#8243; global_colors_info=\u00bb{}\u00bb sticky_enabled=\u00bb0&#8243;]<\/p>\n<h2><span style=\"color: #ff9900; fuent-size: 13px;\">CONSULTOR\u00cdA EN PROYECTOS<\/span><\/h2>\n<p>Redacci\u00f3n, direcci\u00f3n de obra y valoraci\u00f3n econ\u00f3mica<\/p>\n<p>[\/et_pb_text][\/et_pb_column][\/et_pb_row][et_pb_row column_structure=\u00bb1_4,1_4,1_4,1_4&#8243; use_custom_gutter=\u00bbon\u00bb gutter_width=\u00bb2&#8243; make_equal=\u00bbon\u00bb _builder_version=\u00bb4.27.6&#8243; _module_preset=\u00bbdefault\u00bb custom_margin=\u00bb||||false|false\u00bb custom_padding=\u00bb0px||||false|false\u00bb hover_enabled=\u00bb0&#8243; global_colors_info=\u00bb{}\u00bb width=\u00bb70%\u00bb sticky_enabled=\u00bb0&#8243;][et_pb_column type=\u00bb1_4&#8243; _builder_version=\u00bb4.16&#8243; _module_preset=\u00bbdefault\u00bb global_colors_info=\u00bb{}\u00bb][et_pb_cta _builder_version=\u00bb4.27.6&#8243; _dynamic_attributes=\u00bblink_option_url\u00bb _module_preset=\u00bbdefault\u00bb background_image=\u00bbhttps:\/\/www.chroma.es\/wp-content\/uploads\/2026\/03\/10-1.jpg\u00bb height=\u00bb150px\u00bb height_tablet=\u00bb200px\u00bb height_phone=\u00bb200px\u00bb height_last_edited=\u00bbon|phone\u00bb max_height=\u00bb200px\u00bb custom_margin=\u00bb||0px||false|false\u00bb custom_padding=\u00bb||||false|false\u00bb link_option_url=\u00bb@ET-DC@eyJkeW5hbWljIjp0cnVlLCJjb250ZW50IjoicG9zdF9saW5rX3VybF9wYWdlIiwic2V0dGluZ3MiOnsicG9zdF9pZCI6IjE2MTMifX0=@\u00bb hover_enabled=\u00bb0&#8243; global_colors_info=\u00bb{}\u00bb sticky_enabled=\u00bb0&#8243;][\/et_pb_cta][et_pb_text _builder_version=\u00bb4.27.6&#8243; _module_preset=\u00bbdefault\u00bb text_font=\u00bb||||||||\u00bb text_font_size=\u00bb12px\u00bb text_line_height=\u00bb1.2em\u00bb header_font=\u00bb||||||||\u00bb header_2_font_size=\u00bb14px\u00bb header_2_line_height=\u00bb0em\u00bb text_orientation=\u00bbright\u00bb custom_margin=\u00bb12px||||false|false\u00bb custom_padding=\u00bb||||false|false\u00bb hover_enabled=\u00bb0&#8243; global_colors_info=\u00bb{}\u00bb sticky_enabled=\u00bb0&#8243;]<\/p>\n<h2><span style=\"color: #ff9900; font-size: 13px;\">DIGITALIZACI\u00d3N DEL PATRIMONIO<\/span><\/h2>\n<p>Lecturas no destructivas<\/p>\n<p>[\/et_pb_text][\/et_pb_column][et_pb_column type=\u00bb1_4&#8243; _builder_version=\u00bb4.16&#8243; _module_preset=\u00bbdefault\u00bb global_colors_info=\u00bb{}\u00bb][et_pb_cta _builder_version=\u00bb4.27.6&#8243; _dynamic_attributes=\u00bblink_option_url\u00bb _module_preset=\u00bbdefault\u00bb background_image=\u00bbhttps:\/\/www.chroma.es\/wp-content\/uploads\/2021\/04\/Formacio.png\u00bb height=\u00bb150px\u00bb height_tablet=\u00bb200px\u00bb height_phone=\u00bb200px\u00bb height_last_edited=\u00bbon|phone\u00bb max_height=\u00bb200px\u00bb link_option_url=\u00bb@ET-DC@eyJkeW5hbWljIjp0cnVlLCJjb250ZW50IjoicG9zdF9saW5rX3VybF9wYWdlIiwic2V0dGluZ3MiOnsicG9zdF9pZCI6IjE2MTgifX0=@\u00bb global_colors_info=\u00bb{}\u00bb][\/et_pb_cta][et_pb_text _builder_version=\u00bb4.27.6&#8243; _module_preset=\u00bbdefault\u00bb text_font=\u00bb||||||||\u00bb text_font_size=\u00bb12px\u00bb text_line_height=\u00bb1.2em\u00bb header_font=\u00bb||||||||\u00bb header_2_font_size=\u00bb14px\u00bb header_2_line_height=\u00bb0em\u00bb text_orientation=\u00bbright\u00bb custom_margin=\u00bb-9px||||false|false\u00bb custom_padding=\u00bb||||false|false\u00bb hover_enabled=\u00bb0&#8243; global_colors_info=\u00bb{}\u00bb sticky_enabled=\u00bb0&#8243;]<\/p>\n<h2><span style=\"color: #ff9900; font-size: 13px;\">FORMACI\u00d3N ESPECIALIZADA<\/span><\/h2>\n<p>Clases, conferencias, pr\u00e1cticas en obra<\/p>\n<p>[\/et_pb_text][\/et_pb_column][et_pb_column type=\u00bb1_4&#8243; _builder_version=\u00bb4.16&#8243; _module_preset=\u00bbdefault\u00bb global_colors_info=\u00bb{}\u00bb][et_pb_cta _builder_version=\u00bb4.27.6&#8243; _dynamic_attributes=\u00bblink_option_url\u00bb _module_preset=\u00bbdefault\u00bb background_image=\u00bbhttps:\/\/www.chroma.es\/wp-content\/uploads\/2021\/04\/TallerRestauracio.png\u00bb height=\u00bb150px\u00bb height_tablet=\u00bb200px\u00bb height_phone=\u00bb200px\u00bb height_last_edited=\u00bbon|phone\u00bb max_height=\u00bb200px\u00bb custom_margin=\u00bb||0px||false|false\u00bb link_option_url=\u00bb@ET-DC@eyJkeW5hbWljIjp0cnVlLCJjb250ZW50IjoicG9zdF9saW5rX3VybF9wYWdlIiwic2V0dGluZ3MiOnsicG9zdF9pZCI6IjE2MjMifX0=@\u00bb global_colors_info=\u00bb{}\u00bb][\/et_pb_cta][et_pb_text _builder_version=\u00bb4.27.6&#8243; _module_preset=\u00bbdefault\u00bb text_font=\u00bb||||||||\u00bb text_font_size=\u00bb12px\u00bb text_line_height=\u00bb1.2em\u00bb header_font=\u00bb||||||||\u00bb header_2_font_size=\u00bb14px\u00bb header_2_line_height=\u00bb0em\u00bb text_orientation=\u00bbright\u00bb custom_margin=\u00bb12px||||false|false\u00bb custom_padding=\u00bb||||false|false\u00bb hover_enabled=\u00bb0&#8243; global_colors_info=\u00bb{}\u00bb sticky_enabled=\u00bb0&#8243;]<\/p>\n<h2><span style=\"color: #ff9900; font-size: 13px;\">TALLER DE RESTAURACI\u00d3N<\/span><\/h2>\n<p>Bienes muebles de materiales diversos<\/p>\n<p>[\/et_pb_text][\/et_pb_column][et_pb_column type=\u00bb1_4&#8243; _builder_version=\u00bb4.16&#8243; _module_preset=\u00bbdefault\u00bb global_colors_info=\u00bb{}\u00bb][et_pb_cta _builder_version=\u00bb4.27.6&#8243; _dynamic_attributes=\u00bblink_option_url\u00bb _module_preset=\u00bbdefault\u00bb background_image=\u00bbhttps:\/\/www.chroma.es\/wp-content\/uploads\/2026\/03\/IMG-20241119-WA0172-rotated.jpg\u00bb background_position=\u00bbtop_center\u00bb height=\u00bb150px\u00bb height_tablet=\u00bb200px\u00bb height_phone=\u00bb200px\u00bb height_last_edited=\u00bbon|phone\u00bb max_height=\u00bb200px\u00bb custom_margin=\u00bb||0px||false|false\u00bb link_option_url=\u00bb@ET-DC@eyJkeW5hbWljIjp0cnVlLCJjb250ZW50IjoicG9zdF9saW5rX3VybF9wYWdlIiwic2V0dGluZ3MiOnsicG9zdF9pZCI6IjE2MjkifX0=@\u00bb global_colors_info=\u00bb{}\u00bb][\/et_pb_cta][et_pb_text _builder_version=\u00bb4.27.6&#8243; _module_preset=\u00bbdefault\u00bb text_font=\u00bb||||||||\u00bb text_font_size=\u00bb12px\u00bb text_line_height=\u00bb1.5em\u00bb header_font=\u00bb||||||||\u00bb header_2_font_size=\u00bb14px\u00bb header_2_line_height=\u00bb0em\u00bb text_orientation=\u00bbright\u00bb custom_margin=\u00bb12px||||false|false\u00bb custom_padding=\u00bb||||false|false\u00bb hover_enabled=\u00bb0&#8243; global_colors_info=\u00bb{}\u00bb sticky_enabled=\u00bb0&#8243;]<\/p>\n<h2><span style=\"color: #ff9900; font-size: 13px;\">ARQUEOLOG\u00cdA<\/span><\/h2>\n<p>Informes, memorias y seguimientos<\/p>\n<p>[\/et_pb_text][\/et_pb_column][\/et_pb_row][et_pb_row column_structure=\u00bb1_4,1_4,1_4,1_4&#8243; use_custom_gutter=\u00bbon\u00bb gutter_width=\u00bb2&#8243; make_equal=\u00bbon\u00bb _builder_version=\u00bb4.27.6&#8243; _module_preset=\u00bbdefault\u00bb custom_margin=\u00bb||||false|false\u00bb custom_padding=\u00bb0px||||false|false\u00bb hover_enabled=\u00bb0&#8243; global_colors_info=\u00bb{}\u00bb width=\u00bb70%\u00bb sticky_enabled=\u00bb0&#8243;][et_pb_column type=\u00bb1_4&#8243; _builder_version=\u00bb4.16&#8243; _module_preset=\u00bbdefault\u00bb global_colors_info=\u00bb{}\u00bb][et_pb_cta _builder_version=\u00bb4.27.6&#8243; _dynamic_attributes=\u00bblink_option_url\u00bb _module_preset=\u00bbdefault\u00bb background_image=\u00bbhttps:\/\/www.chroma.es\/wp-content\/uploads\/2026\/03\/MiniaturaReproduccions.jpg\u00bb height=\u00bb150px\u00bb height_tablet=\u00bb200px\u00bb height_phone=\u00bb200px\u00bb height_last_edited=\u00bbon|phone\u00bb max_height=\u00bb200px\u00bb custom_margin=\u00bb||0px||false|false\u00bb custom_padding=\u00bb||||false|false\u00bb link_option_url=\u00bb@ET-DC@eyJkeW5hbWljIjp0cnVlLCJjb250ZW50IjoicG9zdF9saW5rX3VybF9wYWdlIiwic2V0dGluZ3MiOnsicG9zdF9pZCI6IjE2MDgifX0=@\u00bb global_colors_info=\u00bb{}\u00bb][\/et_pb_cta][et_pb_text _builder_version=\u00bb4.27.6&#8243; _module_preset=\u00bbdefault\u00bb text_font=\u00bb||||||||\u00bb text_font_size=\u00bb12px\u00bb text_line_height=\u00bb1.2em\u00bb header_font=\u00bb||||||||\u00bb header_2_font_size=\u00bb14px\u00bb header_2_line_height=\u00bb0em\u00bb text_orientation=\u00bbright\u00bb custom_margin=\u00bb12px||||false|false\u00bb custom_padding=\u00bb||||false|false\u00bb hover_enabled=\u00bb0&#8243; global_colors_info=\u00bb{}\u00bb sticky_enabled=\u00bb0&#8243;]<\/p>\n<h2><span style=\"color: #ff9900; font-size: 13px;\">REPRODUCCIONES<\/span><\/h2>\n<p>Fabricaci\u00f3n de moldes y piezas seriadas<\/p>\n<p>[\/et_pb_text][\/et_pb_column][et_pb_column type=\u00bb1_4&#8243; _builder_version=\u00bb4.16&#8243; _module_preset=\u00bbdefault\u00bb global_colors_info=\u00bb{}\u00bb][et_pb_cta _builder_version=\u00bb4.27.6&#8243; _dynamic_attributes=\u00bblink_option_url\u00bb _module_preset=\u00bbdefault\u00bb background_image=\u00bbhttps:\/\/www.chroma.es\/wp-content\/uploads\/2021\/04\/VendaDeMaterial.png\u00bb height=\u00bb150px\u00bb height_tablet=\u00bb200px\u00bb height_phone=\u00bb200px\u00bb height_last_edited=\u00bbon|phone\u00bb max_height=\u00bb200px\u00bb custom_margin=\u00bb||0px||false|false\u00bb link_option_url=\u00bb@ET-DC@eyJkeW5hbWljIjp0cnVlLCJjb250ZW50IjoicG9zdF9saW5rX3VybF9wYWdlIiwic2V0dGluZ3MiOnsicG9zdF9pZCI6IjE2MzQifX0=@\u00bb global_colors_info=\u00bb{}\u00bb][\/et_pb_cta][et_pb_text _builder_version=\u00bb4.27.6&#8243; _module_preset=\u00bbdefault\u00bb text_font=\u00bb||||||||\u00bb text_font_size=\u00bb12px\u00bb text_line_height=\u00bb1.2em\u00bb header_font=\u00bb||||||||\u00bb header_2_font_size=\u00bb14px\u00bb header_2_line_height=\u00bb0em\u00bb text_orientation=\u00bbright\u00bb custom_margin=\u00bb12px||||false|false\u00bb custom_padding=\u00bb||||false|false\u00bb hover_enabled=\u00bb0&#8243; global_colors_info=\u00bb{}\u00bb sticky_enabled=\u00bb0&#8243;]<\/p>\n<h2><span style=\"color: #ff9900; font-size: 13px;\">DISE\u00d1O DE MATERIAL<\/span><\/h2>\n<p>Formulaci\u00f3n y distribuci\u00f3n<\/p>\n<p>[\/et_pb_text][\/et_pb_column][et_pb_column type=\u00bb1_4&#8243; _builder_version=\u00bb4.16&#8243; _module_preset=\u00bbdefault\u00bb global_colors_info=\u00bb{}\u00bb][et_pb_cta _builder_version=\u00bb4.27.6&#8243; _dynamic_attributes=\u00bblink_option_url\u00bb _module_preset=\u00bbdefault\u00bb background_image=\u00bbhttps:\/\/www.chroma.es\/wp-content\/uploads\/2026\/03\/Financament-scaled.jpg\u00bb background_size=\u00bbcustom\u00bb background_image_width=\u00bb100%\u00bb background_image_height=\u00bb0%\u00bb background_position=\u00bbbottom_center\u00bb background_vertical_offset=\u00bb36%\u00bb height=\u00bb150px\u00bb height_tablet=\u00bb200px\u00bb height_phone=\u00bb200px\u00bb height_last_edited=\u00bbon|phone\u00bb max_height=\u00bb200px\u00bb custom_margin=\u00bb||0px||false|false\u00bb link_option_url=\u00bb@ET-DC@eyJkeW5hbWljIjp0cnVlLCJjb250ZW50IjoicG9zdF9saW5rX3VybF9wYWdlIiwic2V0dGluZ3MiOnsicG9zdF9pZCI6IjE2NDAifX0=@\u00bb global_colors_info=\u00bb{}\u00bb][\/et_pb_cta][et_pb_text _builder_version=\u00bb4.27.6&#8243; _module_preset=\u00bbdefault\u00bb text_font=\u00bb||||||||\u00bb text_font_size=\u00bb12px\u00bb text_line_height=\u00bb1.2em\u00bb header_font=\u00bb||||||||\u00bb header_2_font_size=\u00bb14px\u00bb header_2_line_height=\u00bb0em\u00bb text_orientation=\u00bbright\u00bb custom_margin=\u00bb12px||||false|false\u00bb custom_padding=\u00bb||||false|false\u00bb hover_enabled=\u00bb0&#8243; global_colors_info=\u00bb{}\u00bb sticky_enabled=\u00bb0&#8243;]<\/p>\n<h2><span style=\"color: #ff9900; font-size: 13px;\">FINANCIACI\u00d3N<\/span><\/h2>\n<p>Hagamos viable tu proyecto<\/p>\n<p>[\/et_pb_text][\/et_pb_column][et_pb_column type=\u00bb1_4&#8243; _builder_version=\u00bb4.16&#8243; _module_preset=\u00bbdefault\u00bb global_colors_info=\u00bb{}\u00bb][\/et_pb_column][\/et_pb_row][\/et_pb_section]<\/p>\n","protected":false},"excerpt":{"rendered":"<p>RESTAURACI\u00d3N PATRIMONIAL Inmuebles catalogadosInteriores y exterioresESTUDIOS Y AN\u00c1LISIS DE MATERIALES Historicart\u00edsticos, crom\u00e1ticos. Laboratorio de materialesPATRIMONI INDUSTRIAL Ci\u00e8ncia i t\u00e8cnica, restauraci\u00f3, posta en marxa de maquin\u00e0riaCONSULTOR\u00cdA EN PROYECTOS Redacci\u00f3n, direcci\u00f3n de obra y valoraci\u00f3n econ\u00f3micaDIGITALIZACI\u00d3N DEL PATRIMONIO Lecturas no destructivasFORMACI\u00d3N ESPECIALIZADA Clases, conferencias, pr\u00e1cticas en obraTALLER DE RESTAURACI\u00d3N Bienes muebles de materiales diversosARQUEOLOG\u00cdA Informes, memorias y [&hellip;]<\/p>\n","protected":false},"author":1,"featured_media":0,"parent":0,"menu_order":0,"comment_status":"closed","ping_status":"closed","template":"","meta":{"_et_pb_use_builder":"on","_et_pb_old_content":"","_et_gb_content_width":"","footnotes":""},"class_list":["post-1264","page","type-page","status-publish","hentry"],"_links":{"self":[{"href":"https:\/\/www.chroma.es\/es\/wp-json\/wp\/v2\/pages\/1264","targetHints":{"allow":["GET"]}}],"collection":[{"href":"https:\/\/www.chroma.es\/es\/wp-json\/wp\/v2\/pages"}],"about":[{"href":"https:\/\/www.chroma.es\/es\/wp-json\/wp\/v2\/types\/page"}],"author":[{"embeddable":true,"href":"https:\/\/www.chroma.es\/es\/wp-json\/wp\/v2\/users\/1"}],"replies":[{"embeddable":true,"href":"https:\/\/www.chroma.es\/es\/wp-json\/wp\/v2\/comments?post=1264"}],"version-history":[{"count":17,"href":"https:\/\/www.chroma.es\/es\/wp-json\/wp\/v2\/pages\/1264\/revisions"}],"predecessor-version":[{"id":2146,"href":"https:\/\/www.chroma.es\/es\/wp-json\/wp\/v2\/pages\/1264\/revisions\/2146"}],"wp:attachment":[{"href":"https:\/\/www.chroma.es\/es\/wp-json\/wp\/v2\/media?parent=1264"}],"curies":[{"name":"wp","href":"https:\/\/api.w.org\/{rel}","templated":true}]}}