{"id":1251,"date":"2021-05-18T12:02:55","date_gmt":"2021-05-18T11:02:55","guid":{"rendered":"https:\/\/www.chroma.es\/historia-y-equipo\/"},"modified":"2026-04-15T08:51:17","modified_gmt":"2026-04-15T07:51:17","slug":"historia-y-equipo","status":"publish","type":"page","link":"https:\/\/www.chroma.es\/es\/historia-y-equipo\/","title":{"rendered":"Historia y equipo"},"content":{"rendered":"<p>[et_pb_section fb_built=\u00bb1&#8243; _builder_version=\u00bb4.16&#8243; _module_preset=\u00bbdefault\u00bb custom_margin=\u00bb||||false|false\u00bb custom_padding=\u00bb0px||3px||false|false\u00bb global_colors_info=\u00bb{}\u00bb][et_pb_row _builder_version=\u00bb4.16&#8243; _module_preset=\u00bbdefault\u00bb custom_margin=\u00bb0px||0px||false|false\u00bb custom_padding=\u00bb0px||0px||false|false\u00bb global_colors_info=\u00bb{}\u00bb][et_pb_column type=\u00bb4_4&#8243; _builder_version=\u00bb4.16&#8243; _module_preset=\u00bbdefault\u00bb global_colors_info=\u00bb{}\u00bb][et_pb_text _builder_version=\u00bb4.27.6&#8243; _module_preset=\u00bbdefault\u00bb text_font=\u00bb|700|||||||\u00bb custom_margin=\u00bb||0px||false|false\u00bb custom_padding=\u00bb||0px||false|false\u00bb global_colors_info=\u00bb{}\u00bb]<\/p>\n<p style=\"text-align: right;\">Quienes somos<\/p>\n<p>[\/et_pb_text][et_pb_divider _builder_version=\u00bb4.16&#8243; _module_preset=\u00bbdefault\u00bb custom_margin=\u00bb||0px||false|false\u00bb custom_padding=\u00bb||0px||false|false\u00bb global_colors_info=\u00bb{}\u00bb][\/et_pb_divider][et_pb_menu menu_id=\u00bb4&#8243; submenu_direction=\u00bbdownwards\u00bb active_link_color=\u00bb#000000&#8243; _builder_version=\u00bb4.16&#8243; _module_preset=\u00bbdefault\u00bb menu_font=\u00bb||||||||\u00bb custom_css_main_element=\u00bbfloat: right;\u00bb custom_css_active_menu_link=\u00bbfont-weight: bold;||||\u00bb saved_tabs=\u00bball\u00bb global_colors_info=\u00bb{}\u00bb][\/et_pb_menu][\/et_pb_column][\/et_pb_row][\/et_pb_section][et_pb_section fb_built=\u00bb1&#8243; _builder_version=\u00bb4.16&#8243; _module_preset=\u00bbdefault\u00bb custom_margin=\u00bb0px||||false|false\u00bb custom_padding=\u00bb0px||0px||false|false\u00bb global_colors_info=\u00bb{}\u00bb][et_pb_row _builder_version=\u00bb4.16&#8243; _module_preset=\u00bbdefault\u00bb custom_margin=\u00bb||||false|false\u00bb custom_padding=\u00bb0px||||false|false\u00bb global_colors_info=\u00bb{}\u00bb][et_pb_column type=\u00bb4_4&#8243; _builder_version=\u00bb4.16&#8243; _module_preset=\u00bbdefault\u00bb global_colors_info=\u00bb{}\u00bb][et_pb_text _builder_version=\u00bb4.27.6&#8243; _module_preset=\u00bbdefault\u00bb text_font=\u00bb|700|||||||\u00bb text_font_size=\u00bb25px\u00bb global_colors_info=\u00bb{}\u00bb]<\/p>\n<p>Historia y equipo<\/p>\n<p>[\/et_pb_text][et_pb_text _builder_version=\u00bb4.27.6&#8243; _module_preset=\u00bbdefault\u00bb hover_enabled=\u00bb0&#8243; global_colors_info=\u00bb{}\u00bb sticky_enabled=\u00bb0&#8243;]<\/p>\n<p style=\"text-align: justify;\">Cristina Thi\u00f3 fundadora y actual directora de Chroma Restauraci\u00f3 del Patrimoni S.L, <span>es <\/span><span>dra<\/span><span>. en Arquitectura por la <em>Universitat Polit\u00e8cnica de Val\u00e8ncia<\/em> (UPV) y Licenciada <\/span>en Conservaci\u00f3n y Restauraci\u00f3n por la <i> Universitat de Barcelona de Belles Arts <\/i>(UBBA) y est\u00e1 especializada como conservadora &#8211; restauradora en arqueol\u00f3gica. Tras su paso por el <i>Museu d&#8217;Hist\u00f2ria de Barcelona <\/i>(MUHBA) y el <i>Centre de Restauraci\u00f3 de Bens Mobles de la Generalitat de Catalunya <\/i>(CRBMC) como restauradora arqueol\u00f3gica, vio que hab\u00eda una necesidad de una empresa especializada en la restauraci\u00f3n en el territorio catal\u00e1n. Viendo esta carencia opt\u00f3 por crear una empresa privada con el objetivo de salvaguarda del patrimonio construido de nuestra casa.<\/p>\n<p>[\/et_pb_text][et_pb_text _builder_version=\u00bb4.27.4&#8243; _module_preset=\u00bbdefault\u00bb custom_padding=\u00bb||4px|||\u00bb global_colors_info=\u00bb{}\u00bb]<\/p>\n<p style=\"text-align: justify;\">La primera empresa que fund\u00f3, originaria de Chroma, se llamaba <i> Taller de Restauraci\u00f3n de Ciutat Vella <\/i> y a\u00fan se conserva el r\u00f3tulo en la entrada del taller. En aquella primera \u00e9poca, se realiz\u00f3 mucho trabajo mayoritariamente de obras de bienes muebles y de gran envergadura como por ejemplo: el descendimiento de Erill la Vall; la restauraci\u00f3n pict\u00f3rica del \u00d3rgano de la Iglesia del Pi, de la Iglesia de Santa Mar\u00eda del Mar, del Monasterio de Sant Cugat del Vall\u00e9s, entre otros.<\/p>\n<p>[\/et_pb_text][\/et_pb_column][\/et_pb_row][\/et_pb_section][et_pb_section fb_built=\u00bb1&#8243; _builder_version=\u00bb4.16&#8243; _module_preset=\u00bbdefault\u00bb custom_padding=\u00bb0px||0px||false|false\u00bb global_colors_info=\u00bb{}\u00bb][et_pb_row use_custom_gutter=\u00bbon\u00bb gutter_width=\u00bb1&#8243; disabled_on=\u00bbon|off|off\u00bb _builder_version=\u00bb4.16&#8243; _module_preset=\u00bbdefault\u00bb global_colors_info=\u00bb{}\u00bb][et_pb_column type=\u00bb4_4&#8243; _builder_version=\u00bb4.16&#8243; _module_preset=\u00bbdefault\u00bb global_colors_info=\u00bb{}\u00bb][et_pb_image src=\u00bbhttps:\/\/www.chroma.es\/wp-content\/uploads\/2021\/05\/01.0.general.jpg\u00bb title_text=\u00bb01.0.general\u00bb _builder_version=\u00bb4.16&#8243; _module_preset=\u00bbdefault\u00bb global_colors_info=\u00bb{}\u00bb][\/et_pb_image][\/et_pb_column][\/et_pb_row][et_pb_row use_custom_gutter=\u00bbon\u00bb gutter_width=\u00bb1&#8243; disabled_on=\u00bboff|on|on\u00bb _builder_version=\u00bb4.16&#8243; _module_preset=\u00bbdefault\u00bb module_alignment=\u00bbcenter\u00bb global_colors_info=\u00bb{}\u00bb][et_pb_column type=\u00bb4_4&#8243; _builder_version=\u00bb4.16&#8243; _module_preset=\u00bbdefault\u00bb global_colors_info=\u00bb{}\u00bb][et_pb_gallery gallery_ids=\u00bb1129,1131,1133&#8243; orientation=\u00bbportrait\u00bb show_title_and_caption=\u00bboff\u00bb show_pagination=\u00bboff\u00bb hover_overlay_color=\u00bbrgba(255,255,255,0.4)\u00bb _builder_version=\u00bb4.16&#8243; _module_preset=\u00bbdefault\u00bb title_text_align=\u00bbcenter\u00bb pagination_text_align=\u00bbcenter\u00bb text_orientation=\u00bbcenter\u00bb module_alignment=\u00bbcenter\u00bb custom_css_main_element=\u00bb||\u00bb border_width_all=\u00bb1px\u00bb border_color_all=\u00bb#FFFFFF\u00bb global_colors_info=\u00bb{}\u00bb][\/et_pb_gallery][\/et_pb_column][\/et_pb_row][\/et_pb_section][et_pb_section fb_built=\u00bb1&#8243; _builder_version=\u00bb4.16&#8243; _module_preset=\u00bbdefault\u00bb custom_padding=\u00bb0px||0px||false|false\u00bb global_colors_info=\u00bb{}\u00bb][et_pb_row _builder_version=\u00bb4.16&#8243; _module_preset=\u00bbdefault\u00bb global_colors_info=\u00bb{}\u00bb][et_pb_column type=\u00bb4_4&#8243; _builder_version=\u00bb4.16&#8243; _module_preset=\u00bbdefault\u00bb global_colors_info=\u00bb{}\u00bb][et_pb_text _builder_version=\u00bb4.16&#8243; _module_preset=\u00bbdefault\u00bb custom_padding=\u00bb||1px|||\u00bb global_colors_info=\u00bb{}\u00bb]<\/p>\n<p style=\"text-align: justify;\">Pasando los a\u00f1os la empresa, ahora ya Chroma, se fue especializando en el patrimonio hist\u00f3rico construido, hasta convertirse actualmente en un referente de las instituciones p\u00fablicas y privadas catalanas. Chroma, con m\u00e1s de 30 a\u00f1os de experiencia, es una empresa capaz de abarcar proyectos en su totalidad y efectuar todos los trabajos necesarios e implicadas en una obra de restauraci\u00f3n, desde el estudios previos (hist\u00f3rico, crom\u00e1tico, geol\u00f3gicos, qu\u00edmicos, etc &#8230;.), el proyecto arquitect\u00f3nico, hasta la ejecuci\u00f3n de los trabajos de restauraci\u00f3n en todo sus \u00e1mbitos (alba\u00f1iler\u00eda, estucadores, restauradores, cerrajer\u00eda, carpinter\u00eda, vidrieros, etc &#8230;.).<\/p>\n<p><\/p>\n<p>En resumen el equipo de Chroma es multidisciplinar y es un aglomerado de t\u00e9cnicos, artistas, artesanos y especialistas en diferentes oficios y la suma de todos liderados por Cristina Thi\u00f3, el alma y fundadora de Chroma, son los que hacen que posible la salvaguarda de nuestro patrimonio.<\/p>\n<p>[\/et_pb_text][\/et_pb_column][\/et_pb_row][\/et_pb_section][et_pb_section fb_built=\u00bb1&#8243; _builder_version=\u00bb4.16&#8243; _module_preset=\u00bbdefault\u00bb custom_padding=\u00bb0px||0px||false|false\u00bb global_colors_info=\u00bb{}\u00bb][et_pb_row use_custom_gutter=\u00bbon\u00bb gutter_width=\u00bb1&#8243; disabled_on=\u00bbon|off|off\u00bb _builder_version=\u00bb4.16&#8243; _module_preset=\u00bbdefault\u00bb global_colors_info=\u00bb{}\u00bb][et_pb_column type=\u00bb4_4&#8243; _builder_version=\u00bb4.16&#8243; _module_preset=\u00bbdefault\u00bb global_colors_info=\u00bb{}\u00bb][et_pb_image src=\u00bbhttps:\/\/www.chroma.es\/wp-content\/uploads\/2021\/04\/Imatge1-1.png\u00bb title_text=\u00bbImagen1&#8243; _builder_version=\u00bb4.16&#8243; _module_preset=\u00bbdefault\u00bb global_colors_info=\u00bb{}\u00bb][\/et_pb_image][\/et_pb_column][\/et_pb_row][et_pb_row use_custom_gutter=\u00bbon\u00bb gutter_width=\u00bb1&#8243; disabled_on=\u00bboff|on|on\u00bb _builder_version=\u00bb4.16&#8243; _module_preset=\u00bbdefault\u00bb global_colors_info=\u00bb{}\u00bb][et_pb_column type=\u00bb4_4&#8243; _builder_version=\u00bb4.16&#8243; _module_preset=\u00bbdefault\u00bb global_colors_info=\u00bb{}\u00bb][et_pb_gallery gallery_ids=\u00bb1139,1141,1143,1145,1147,1149,1151&#8243; posts_number=\u00bb6&#8243; show_title_and_caption=\u00bboff\u00bb show_pagination=\u00bboff\u00bb _builder_version=\u00bb4.16&#8243; _module_preset=\u00bbdefault\u00bb border_width_all_image=\u00bb1px\u00bb border_color_all_image=\u00bb#FFFFFF\u00bb global_colors_info=\u00bb{}\u00bb][\/et_pb_gallery][\/et_pb_column][\/et_pb_row][\/et_pb_section][et_pb_section fb_built=\u00bb1&#8243; _builder_version=\u00bb4.16&#8243; _module_preset=\u00bbdefault\u00bb custom_padding=\u00bb0px||0px||false|false\u00bb global_colors_info=\u00bb{}\u00bb][et_pb_row _builder_version=\u00bb4.16&#8243; _module_preset=\u00bbdefault\u00bb global_colors_info=\u00bb{}\u00bb][et_pb_column type=\u00bb4_4&#8243; _builder_version=\u00bb4.16&#8243; _module_preset=\u00bbdefault\u00bb global_colors_info=\u00bb{}\u00bb][et_pb_text _builder_version=\u00bb4.16&#8243; _module_preset=\u00bbdefault\u00bb global_colors_info=\u00bb{}\u00bb]<\/p>\n<p style=\"text-align: justify;\">Actualmente la empresa cuenta con un equipo pluridisciplinar formado por restauradores, arquitectos, ingenieros, cerrajeros, carpinteros y expertos en diferentes materias a quienes les gusta enfrentarse a los nuevos proyectos y retos que van surgiendo. Tambi\u00e9n cuenta con una red de colaboradores expertos en los diferentes \u00e1mbitos (laboratorios de materiales, historiadores, vidrieros, carpinteros, ge\u00f3logos, estructuristas, instaladores, electricistas, empresas de registro de im\u00e1genes con drones, termograf\u00edas, etc &#8230; ), para alcanzar con \u00e9xito todos los proyectos.<\/p>\n<p><\/p>\n<p style=\"text-align: justify;\">El esp\u00edritu de innovaci\u00f3n que caracteriza al equipo de Chroma, lleva tambi\u00e9n a que dentro del d\u00eda a d\u00eda se realicen muchos trabajos de investigaci\u00f3n de materiales, procesos y mejoras de las t\u00e9cnicas de restauraci\u00f3n (I + D), para dar las mejores respuestas y soluciones a nuestros clientes. La estima por el trabajo bien hecho, la filosof\u00eda de trabajo siguiendo los criterios de restauraci\u00f3n, se refleja con los resultados y que tiene el objetivo final de salvaguardar nuestro patrimonio.<\/p>\n<p>[\/et_pb_text][\/et_pb_column][\/et_pb_row][\/et_pb_section][et_pb_section fb_built=\u00bb1&#8243; disabled_on=\u00bboff|off|off\u00bb _builder_version=\u00bb4.16&#8243; _module_preset=\u00bbdefault\u00bb custom_padding=\u00bb0px||0px||false|false\u00bb global_colors_info=\u00bb{}\u00bb][et_pb_row use_custom_gutter=\u00bbon\u00bb disabled_on=\u00bbon|off|off\u00bb _builder_version=\u00bb4.16&#8243; _module_preset=\u00bbdefault\u00bb module_alignment=\u00bbcenter\u00bb global_colors_info=\u00bb{}\u00bb][et_pb_column type=\u00bb4_4&#8243; _builder_version=\u00bb4.16&#8243; _module_preset=\u00bbdefault\u00bb global_colors_info=\u00bb{}\u00bb][et_pb_image src=\u00bbhttps:\/\/www.chroma.es\/wp-content\/uploads\/2021\/04\/Imatge2.png\u00bb title_text=\u00bbImagen2&#8243; align=\u00bbcenter\u00bb _builder_version=\u00bb4.16&#8243; _module_preset=\u00bbdefault\u00bb global_colors_info=\u00bb{}\u00bb][\/et_pb_image][\/et_pb_column][\/et_pb_row][et_pb_row use_custom_gutter=\u00bbon\u00bb gutter_width=\u00bb1&#8243; disabled_on=\u00bboff|on|on\u00bb _builder_version=\u00bb4.16&#8243; _module_preset=\u00bbdefault\u00bb module_alignment=\u00bbcenter\u00bb global_colors_info=\u00bb{}\u00bb][et_pb_column type=\u00bb4_4&#8243; _builder_version=\u00bb4.16&#8243; _module_preset=\u00bbdefault\u00bb global_colors_info=\u00bb{}\u00bb][et_pb_gallery gallery_ids=\u00bb1155,1157,1159,1161,1163,1165,1167,1169,1171&#8243; posts_number=\u00bb9&#8243; orientation=\u00bbportrait\u00bb show_title_and_caption=\u00bboff\u00bb show_pagination=\u00bboff\u00bb _builder_version=\u00bb4.16&#8243; _module_preset=\u00bbdefault\u00bb global_colors_info=\u00bb{}\u00bb][\/et_pb_gallery][\/et_pb_column][\/et_pb_row][\/et_pb_section]<\/p>\n","protected":false},"excerpt":{"rendered":"<p>Quienes somosHistoria y equipoCristina Thi\u00f3 fundadora y actual directora de Chroma Restauraci\u00f3 del Patrimoni S.L, es dra. en Arquitectura por la Universitat Polit\u00e8cnica de Val\u00e8ncia (UPV) y Licenciada en Conservaci\u00f3n y Restauraci\u00f3n por la Universitat de Barcelona de Belles Arts (UBBA) y est\u00e1 especializada como conservadora &#8211; restauradora en arqueol\u00f3gica. Tras su paso por el [&hellip;]<\/p>\n","protected":false},"author":1,"featured_media":0,"parent":0,"menu_order":0,"comment_status":"closed","ping_status":"closed","template":"","meta":{"_et_pb_use_builder":"on","_et_pb_old_content":"","_et_gb_content_width":"","footnotes":""},"class_list":["post-1251","page","type-page","status-publish","hentry"],"_links":{"self":[{"href":"https:\/\/www.chroma.es\/es\/wp-json\/wp\/v2\/pages\/1251","targetHints":{"allow":["GET"]}}],"collection":[{"href":"https:\/\/www.chroma.es\/es\/wp-json\/wp\/v2\/pages"}],"about":[{"href":"https:\/\/www.chroma.es\/es\/wp-json\/wp\/v2\/types\/page"}],"author":[{"embeddable":true,"href":"https:\/\/www.chroma.es\/es\/wp-json\/wp\/v2\/users\/1"}],"replies":[{"embeddable":true,"href":"https:\/\/www.chroma.es\/es\/wp-json\/wp\/v2\/comments?post=1251"}],"version-history":[{"count":41,"href":"https:\/\/www.chroma.es\/es\/wp-json\/wp\/v2\/pages\/1251\/revisions"}],"predecessor-version":[{"id":2242,"href":"https:\/\/www.chroma.es\/es\/wp-json\/wp\/v2\/pages\/1251\/revisions\/2242"}],"wp:attachment":[{"href":"https:\/\/www.chroma.es\/es\/wp-json\/wp\/v2\/media?parent=1251"}],"curies":[{"name":"wp","href":"https:\/\/api.w.org\/{rel}","templated":true}]}}