{"id":1246,"date":"2021-05-18T12:01:46","date_gmt":"2021-05-18T11:01:46","guid":{"rendered":"https:\/\/www.chroma.es\/nos-avalan\/"},"modified":"2026-04-08T16:57:33","modified_gmt":"2026-04-08T15:57:33","slug":"nos-avalan","status":"publish","type":"page","link":"https:\/\/www.chroma.es\/es\/nos-avalan\/","title":{"rendered":"Nos avalan"},"content":{"rendered":"<p>[et_pb_section fb_built=\u00bb1&#8243; _builder_version=\u00bb4.16&#8243; _module_preset=\u00bbdefault\u00bb custom_margin=\u00bb||||false|false\u00bb custom_padding=\u00bb0px||3px||false|false\u00bb global_colors_info=\u00bb{}\u00bb][et_pb_row _builder_version=\u00bb4.16&#8243; _module_preset=\u00bbdefault\u00bb custom_margin=\u00bb0px||0px||false|false\u00bb custom_padding=\u00bb0px||0px||false|false\u00bb global_colors_info=\u00bb{}\u00bb][et_pb_column type=\u00bb4_4&#8243; _builder_version=\u00bb4.16&#8243; _module_preset=\u00bbdefault\u00bb global_colors_info=\u00bb{}\u00bb][et_pb_text _builder_version=\u00bb4.27.6&#8243; _module_preset=\u00bbdefault\u00bb text_font=\u00bb|700|||||||\u00bb text_text_color=\u00bb#000000&#8243; custom_margin=\u00bb||0px||false|false\u00bb custom_padding=\u00bb||0px||false|false\u00bb hover_enabled=\u00bb0&#8243; global_colors_info=\u00bb{}\u00bb sticky_enabled=\u00bb0&#8243;]<\/p>\n<p style=\"text-align: right;\">Qui som<\/p>\n<p>[\/et_pb_text][et_pb_divider _builder_version=\u00bb4.16&#8243; _module_preset=\u00bbdefault\u00bb custom_margin=\u00bb||0px||false|false\u00bb custom_padding=\u00bb||0px||false|false\u00bb global_colors_info=\u00bb{}\u00bb][\/et_pb_divider][et_pb_menu menu_id=\u00bb4&#8243; submenu_direction=\u00bbdownwards\u00bb active_link_color=\u00bb#000000&#8243; _builder_version=\u00bb4.9.2&#8243; _module_preset=\u00bbdefault\u00bb menu_font=\u00bb||||||||\u00bb custom_css_main_element=\u00bbfloat: right;\u00bb custom_css_active_menu_link=\u00bbfont-weight: bold;||||\u00bb global_module=\u00bb1040&#8243; global_colors_info=\u00bb{}\u00bb][\/et_pb_menu][\/et_pb_column][\/et_pb_row][\/et_pb_section][et_pb_section fb_built=\u00bb1&#8243; _builder_version=\u00bb4.16&#8243; _module_preset=\u00bbdefault\u00bb custom_margin=\u00bb0px||||false|false\u00bb custom_padding=\u00bb0px||||false|false\u00bb global_colors_info=\u00bb{}\u00bb][et_pb_row _builder_version=\u00bb4.16&#8243; _module_preset=\u00bbdefault\u00bb custom_padding=\u00bb0px||||false|false\u00bb global_colors_info=\u00bb{}\u00bb][et_pb_column type=\u00bb4_4&#8243; _builder_version=\u00bb4.16&#8243; _module_preset=\u00bbdefault\u00bb global_colors_info=\u00bb{}\u00bb][et_pb_text _builder_version=\u00bb4.27.6&#8243; _module_preset=\u00bbdefault\u00bb text_font=\u00bb|700|||||||\u00bb text_font_size=\u00bb25px\u00bb hover_enabled=\u00bb0&#8243; global_colors_info=\u00bb{}\u00bb sticky_enabled=\u00bb0&#8243;]<\/p>\n<p>Ens Avalen<\/p>\n<p>[\/et_pb_text][\/et_pb_column][\/et_pb_row][et_pb_row column_structure=\u00bb1_2,1_2&#8243; _builder_version=\u00bb4.16&#8243; _module_preset=\u00bbdefault\u00bb animation_style=\u00bbfade\u00bb global_colors_info=\u00bb{}\u00bb][et_pb_column type=\u00bb1_2&#8243; _builder_version=\u00bb4.16&#8243; _module_preset=\u00bbdefault\u00bb global_colors_info=\u00bb{}\u00bb][et_pb_image src=\u00bbhttps:\/\/www.chroma.es\/wp-content\/uploads\/2026\/03\/Imagen-1-1.png\u00bb title_text=\u00bbImagen 1 (1)\u00bb force_fullwidth=\u00bbon\u00bb _builder_version=\u00bb4.27.6&#8243; _module_preset=\u00bbdefault\u00bb transform_scale=\u00bb79%|100%\u00bb transform_scale_linked=\u00bboff\u00bb min_height_tablet=\u00bb\u00bb min_height_phone=\u00bb\u00bb min_height_last_edited=\u00bbon|tablet\u00bb height=\u00bb350px\u00bb height_tablet=\u00bb\u00bb height_phone=\u00bb\u00bb height_last_edited=\u00bbon|tablet\u00bb max_height=\u00bb350px\u00bb max_height_tablet=\u00bb\u00bb max_height_phone=\u00bb\u00bb max_height_last_edited=\u00bbon|tablet\u00bb global_colors_info=\u00bb{}\u00bb][\/et_pb_image][\/et_pb_column][et_pb_column type=\u00bb1_2&#8243; _builder_version=\u00bb4.16&#8243; _module_preset=\u00bbdefault\u00bb global_colors_info=\u00bb{}\u00bb][et_pb_image src=\u00bbhttps:\/\/www.chroma.es\/wp-content\/uploads\/2026\/03\/Imagen-2-1.jpg\u00bb title_text=\u00bbImagen 2 (1)\u00bb align=\u00bbcenter\u00bb _builder_version=\u00bb4.27.6&#8243; _module_preset=\u00bbdefault\u00bb width=\u00bb100%\u00bb min_height_tablet=\u00bb\u00bb min_height_phone=\u00bb\u00bb min_height_last_edited=\u00bbon|phone\u00bb height=\u00bb350px\u00bb height_tablet=\u00bb\u00bb height_phone=\u00bb\u00bb height_last_edited=\u00bbon|phone\u00bb max_height=\u00bb350px\u00bb max_height_tablet=\u00bb\u00bb max_height_phone=\u00bb\u00bb max_height_last_edited=\u00bbon|phone\u00bb global_colors_info=\u00bb{}\u00bb][\/et_pb_image][\/et_pb_column][\/et_pb_row][et_pb_row column_structure=\u00bb1_2,1_2&#8243; _builder_version=\u00bb4.16&#8243; _module_preset=\u00bbdefault\u00bb animation_style=\u00bbfade\u00bb global_colors_info=\u00bb{}\u00bb][et_pb_column type=\u00bb1_2&#8243; _builder_version=\u00bb4.16&#8243; _module_preset=\u00bbdefault\u00bb global_colors_info=\u00bb{}\u00bb][et_pb_image src=\u00bbhttps:\/\/www.chroma.es\/wp-content\/uploads\/2021\/04\/PremiNacionalArtesania-01.png\u00bb title_text=\u00bbPremioNacionalArtesania-01&#8243; force_fullwidth=\u00bbon\u00bb _builder_version=\u00bb4.27.6&#8243; _module_preset=\u00bbdefault\u00bb transform_scale=\u00bb78%|100%\u00bb transform_scale_linked=\u00bboff\u00bb min_height_tablet=\u00bb\u00bb min_height_phone=\u00bb\u00bb min_height_last_edited=\u00bbon|tablet\u00bb height=\u00bb350px\u00bb height_tablet=\u00bb\u00bb height_phone=\u00bb\u00bb height_last_edited=\u00bbon|tablet\u00bb max_height=\u00bb350px\u00bb max_height_tablet=\u00bb\u00bb max_height_phone=\u00bb\u00bb max_height_last_edited=\u00bbon|tablet\u00bb global_colors_info=\u00bb{}\u00bb][\/et_pb_image][\/et_pb_column][et_pb_column type=\u00bb1_2&#8243; _builder_version=\u00bb4.16&#8243; _module_preset=\u00bbdefault\u00bb global_colors_info=\u00bb{}\u00bb][et_pb_image src=\u00bbhttps:\/\/www.chroma.es\/wp-content\/uploads\/2021\/04\/PremiNacionalArtesania-002.png\u00bb title_text=\u00bbPremioNacionalArtesania&#8211;002&#8243; force_fullwidth=\u00bbon\u00bb _builder_version=\u00bb4.27.6&#8243; _module_preset=\u00bbdefault\u00bb transform_scale=\u00bb85%|107%\u00bb transform_scale_linked=\u00bboff\u00bb min_height_tablet=\u00bb\u00bb min_height_phone=\u00bb\u00bb min_height_last_edited=\u00bbon|phone\u00bb height=\u00bb350px\u00bb height_tablet=\u00bb\u00bb height_phone=\u00bb\u00bb height_last_edited=\u00bbon|phone\u00bb max_height=\u00bb350px\u00bb max_height_tablet=\u00bb\u00bb max_height_phone=\u00bb\u00bb max_height_last_edited=\u00bbon|phone\u00bb global_colors_info=\u00bb{}\u00bb][\/et_pb_image][\/et_pb_column][\/et_pb_row][et_pb_row column_structure=\u00bb1_2,1_2&#8243; _builder_version=\u00bb4.16&#8243; _module_preset=\u00bbdefault\u00bb animation_style=\u00bbfade\u00bb global_colors_info=\u00bb{}\u00bb][et_pb_column type=\u00bb1_2&#8243; _builder_version=\u00bb4.16&#8243; _module_preset=\u00bbdefault\u00bb global_colors_info=\u00bb{}\u00bb][et_pb_image src=\u00bbhttps:\/\/www.chroma.es\/wp-content\/uploads\/2021\/04\/PremiaArquitecturaTradiToniCobos.png\u00bb title_text=\u00bbPremiaArquitecturaTradiToniCobos\u00bb force_fullwidth=\u00bbon\u00bb _builder_version=\u00bb4.27.6&#8243; _module_preset=\u00bbdefault\u00bb transform_scale=\u00bb81%|100%\u00bb transform_scale_linked=\u00bboff\u00bb min_height_tablet=\u00bb\u00bb min_height_phone=\u00bb\u00bb min_height_last_edited=\u00bbon|phone\u00bb height=\u00bb350px\u00bb height_tablet=\u00bb\u00bb height_phone=\u00bb\u00bb height_last_edited=\u00bbon|phone\u00bb max_height=\u00bb350px\u00bb max_height_last_edited=\u00bboff|phone\u00bb global_colors_info=\u00bb{}\u00bb][\/et_pb_image][\/et_pb_column][et_pb_column type=\u00bb1_2&#8243; _builder_version=\u00bb4.16&#8243; _module_preset=\u00bbdefault\u00bb global_colors_info=\u00bb{}\u00bb][et_pb_image src=\u00bbhttps:\/\/www.chroma.es\/wp-content\/uploads\/2021\/04\/PremiaArquitecturaTradiToniCobos1.png\u00bb title_text=\u00bbPremiaArquitecturaTradiToniCobos1&#8243; _builder_version=\u00bb4.27.6&#8243; _module_preset=\u00bbdefault\u00bb transform_scale=\u00bb92%|95%\u00bb transform_scale_linked=\u00bboff\u00bb transform_translate=\u00bb55px|0px\u00bb transform_translate_linked=\u00bboff\u00bb max_width_tablet=\u00bb\u00bb max_width_phone=\u00bb\u00bb max_width_last_edited=\u00bbon|phone\u00bb height=\u00bb350px\u00bb height_tablet=\u00bb\u00bb height_phone=\u00bb\u00bb height_last_edited=\u00bbon|phone\u00bb max_height=\u00bb400px\u00bb max_height_tablet=\u00bb\u00bb max_height_phone=\u00bb\u00bb max_height_last_edited=\u00bbon|phone\u00bb global_colors_info=\u00bb{}\u00bb][\/et_pb_image][\/et_pb_column][\/et_pb_row][\/et_pb_section][et_pb_section fb_built=\u00bb1&#8243; _builder_version=\u00bb4.27.6&#8243; _module_preset=\u00bbdefault\u00bb global_colors_info=\u00bb{}\u00bb][et_pb_row column_structure=\u00bb1_3,1_3,1_3&#8243; _builder_version=\u00bb4.27.6&#8243; _module_preset=\u00bbdefault\u00bb global_colors_info=\u00bb{}\u00bb][et_pb_column type=\u00bb1_3&#8243; _builder_version=\u00bb4.27.6&#8243; _module_preset=\u00bbdefault\u00bb global_colors_info=\u00bb{}\u00bb][et_pb_text _builder_version=\u00bb4.27.6&#8243; _module_preset=\u00bbdefault\u00bb header_2_font=\u00bb|||on|||||\u00bb header_2_text_color=\u00bb#E09900&#8243; global_colors_info=\u00bb{}\u00bb]<\/p>\n<h2><strong>Premios y acreditaciones<\/strong><\/h2>\n<p>[\/et_pb_text][et_pb_text _builder_version=\u00bb4.27.6&#8243; _module_preset=\u00bbdefault\u00bb text_line_height=\u00bb1.3em\u00bb global_colors_info=\u00bb{}\u00bb]<\/p>\n<p>2021<br \/><strong>PREMIO RICHARD H. DRIEHAUS <br \/>&#8211; CRISTINA THI\u00d3 I LLUCH<br \/><\/strong>En la categor\u00eda de acabados y otras t\u00e9cnicas tradicionales.<br \/><em>RED NACIONAL DE MAESTROS DE LA CONSTRUCCI\u00d3N<br \/><\/em><em>TRADICIONAL<\/em><br \/><a href=\"https:\/\/redmaestros.com\">https:\/\/redmaestros.com<\/a><\/p>\n<p><\/p>\n<p>&nbsp;<\/p>\n<p><\/p>\n<p>2019<br \/><strong>PREMIO DE RESTAURACI\u00d3N <br \/>&#8211; CHROMA<\/strong><br \/>Premios Nacionales de Artesan\u00eda<br \/><em>GENERALITAT DE CATALUNYA<\/em><br \/><a href=\"https:\/\/ccam.gencat.cat\/ca\/inici\">https:\/\/ccam.gencat.cat\/ca\/inici<\/a><\/p>\n<p><\/p>\n<p>&nbsp;<\/p>\n<p><\/p>\n<p>2018<br \/><strong>FINALISTA DE LOS PREMIOS TONI COBOS <br \/>&#8211; CHROMA<br \/><\/strong><em>A LA MEJOR RESTAURACI\u00d3N DE UNA FACHADA PRINCIPAL.<\/em><em><br \/>Grupo de Recuperaci\u00f3n y Estudio de la <\/em><em>Tradici\u00f3n Arquitect\u00f3nica.<\/em><\/p>\n<p><\/p>\n<p>&nbsp;<\/p>\n<p><\/p>\n<p>&nbsp;<\/p>\n<p><\/p>\n<p><strong>ISO 9001 \u00b7 Sistema de gesti\u00f3n de la calidad<br \/><\/strong><span style=\"font-size: 18px;\">Compromiso con la excelencia en los procesos<\/span><\/p>\n<p><\/p>\n<p>&nbsp;<\/p>\n<p><\/p>\n<p><strong>C\u00d3DIGO DE GRUPO K7<br \/><\/strong>Clasificaci\u00f3n empresarial<br \/>\nContratos especiales de obras, subgrupo 7-3: Restauraci\u00f3n de inmuebles<\/p>\n<p><\/p>\n<p>&nbsp;<\/p>\n<p><\/p>\n<p><strong>C\u00d3DIGO DE GRUPO K5<br \/><\/strong>Clasificaci\u00f3n empresarial<br \/>\nContratos especiales de obras, sub-grupo 5-Pintura, ornamentaci\u00f3n y decoraci\u00f3n.<br \/>Categor\u00eda 3<\/p>\n<p><\/p>\n<p>&nbsp;<\/p>\n<p><\/p>\n<p><strong>Clasificaci\u00f3n de actividad<\/strong><br \/><strong>CNAE 9130<br \/><\/strong>Conservaci\u00f3n y restauraci\u00f3n del patrimonio cultural Trabajos destinados a la transmisi\u00f3n, preservaci\u00f3n y puesta en valor del patrimonio material e inmaterial.<\/p>\n<p><\/p>\n<p>&nbsp;<\/p>\n<p><\/p>\n<p><strong>Cristina Thi\u00f3 i Lluch<br \/>\nAsesora y evaluadora del servicio de acreditaci\u00f3n de competencias profesionales de la Generalitat de Catalunya<\/p>\n<p><\/p>\n<p>&nbsp;<\/p>\n<p><\/p>\n<p>&nbsp;<\/p>\n<p><\/p>\n<p>&nbsp;<\/p>\n<p>[\/et_pb_text][\/et_pb_column][et_pb_column type=\u00bb1_3&#8243; _builder_version=\u00bb4.27.6&#8243; _module_preset=\u00bbdefault\u00bb global_colors_info=\u00bb{}\u00bb][et_pb_text _builder_version=\u00bb4.27.6&#8243; _module_preset=\u00bbdefault\u00bb header_2_font=\u00bb|||on|||||\u00bb header_2_text_color=\u00bb#E09900&#8243; global_colors_info=\u00bb{}\u00bb]<\/p>\n<h2><strong>Miembros<\/strong><\/h2>\n<p>[\/et_pb_text][et_pb_text _builder_version=\u00bb4.27.6&#8243; _module_preset=\u00bbdefault\u00bb global_colors_info=\u00bb{}\u00bb]<\/p>\n<p><strong>ICOMOS<br \/><\/strong><em>International Council on Monuments and Sites<\/em><br \/><a href=\"https:\/\/icomos.es\">https:\/\/icomos.es<\/a><\/p>\n<p><\/p>\n<p>&nbsp;<\/p>\n<p><\/p>\n<p><strong>ICOM<\/strong><br \/><em>Consejo Internacional de Museos<\/em><br \/><a href=\"https:\/\/icom.museum\/es\">https:\/\/icom.museum\/es<\/a><\/p>\n<p><\/p>\n<p>&nbsp;<\/p>\n<p><\/p>\n<p><strong>CRAC<\/strong><br \/><em>Asociaci\u00f3n Profesional de Conservadores Restauradores de Catalu\u00f1a<\/em><br \/><a href=\"https:\/\/cracpatrimoni.com\">https:\/\/cracpatrimoni.com<\/a><\/p>\n<p><\/p>\n<p>&nbsp;<\/p>\n<p><\/p>\n<p><strong>COLBACAT<\/strong><br \/><em>Colegio de Doctores y Licenciados en Bellas Artes de Catalu\u00f1a<\/em><br \/><a href=\"https:\/\/colbacat.cat\/wp\">https:\/\/colbacat.cat\/wp<\/a><\/p>\n<p><\/p>\n<p>&nbsp;<\/p>\n<p><\/p>\n<p><strong>E.C.C.O<\/strong><br \/><em>European Confederation of Conservator Restorers Organizaciones<\/em><br \/><a href=\"https:\/\/www.ecco%20eu.org\">https:\/\/www.ecco eu.org<\/a><\/p>\n<p><\/p>\n<p>&nbsp;<\/p>\n<p><\/p>\n<p><strong>MONUMENTA<\/strong><br \/><em>Associaci\u00f3 de Propietaris de Castells i Edificis Catalogats de Catalunya<\/em><br \/><a href=\"https:\/\/www.monumenta.info\">https:\/\/www.monumenta.info<\/a><\/p>\n<p><\/p>\n<p>&nbsp;<\/p>\n<p><\/p>\n<p><strong>SOCIETAT CATALANA DE GNOM\u00d2NICA<\/strong><br \/><a href=\"https:\/\/www.gnomonica.cat\/index.php\/la%20societat\/la-scg\">https:\/\/www.gnomonica.cat\/index.php\/la societat\/la-scg<\/a><\/p>\n<p><\/p>\n<p>&nbsp;<\/p>\n<p><\/p>\n<p><strong>AMICS PER A LA UNESCO BARCELONA<\/strong><br \/><a href=\"https:\/\/aubcn.cat\">https:\/\/aubcn.cat<\/a><\/p>\n<p>[\/et_pb_text][\/et_pb_column][et_pb_column type=\u00bb1_3&#8243; _builder_version=\u00bb4.27.6&#8243; _module_preset=\u00bbdefault\u00bb global_colors_info=\u00bb{}\u00bb][et_pb_text _builder_version=\u00bb4.27.6&#8243; _module_preset=\u00bbdefault\u00bb header_2_font=\u00bb|||on|||||\u00bb header_2_text_color=\u00bb#E09900&#8243; global_colors_info=\u00bb{}\u00bb]<\/p>\n<h2><strong>Participamos<\/strong><\/h2>\n<p>[\/et_pb_text][et_pb_text _builder_version=\u00bb4.27.6&#8243; _module_preset=\u00bbdefault\u00bb global_colors_info=\u00bb{}\u00bb]<\/p>\n<p><strong>ESCUELA SERT &#8211; COAC<\/strong><br \/><a href=\"https:\/\/www.escolasert.com\/ca\">https:\/\/www.escolasert.com\/ca<\/a><\/p>\n<p><\/p>\n<p>&nbsp;<\/p>\n<p><\/p>\n<p><strong>GRETA<\/strong><br \/><em>Grupo de recuperaci\u00f3n y estudio de la Tradici\u00f3n Arquitect\u00f3nica.<\/em><br \/><a href=\"https:\/\/www.projectegreta.cat\/ca\">https:\/\/www.projectegreta.cat\/ca<\/a><\/p>\n<p><\/p>\n<p>&nbsp;<\/p>\n<p><\/p>\n<p><strong>ORIGENS<\/strong><br \/><em>Escuela Taller de Bioconstrucci\u00f3n<\/em><br \/><a href=\"https:\/\/escolaorigens.com\">https:\/\/escolaorigens.com<\/a><\/p>\n<p><\/p>\n<p>&nbsp;<\/p>\n<p><\/p>\n<p><strong>FICAL<\/strong><br \/><em>Foro Ib\u00e9rico de la cal.<\/em><\/p>\n<p>[\/et_pb_text][\/et_pb_column][\/et_pb_row][\/et_pb_section]<\/p>\n","protected":false},"excerpt":{"rendered":"<p>Qui somEns AvalenPremios y acreditaciones2021PREMIO RICHARD H. DRIEHAUS &#8211; CRISTINA THI\u00d3 I LLUCHEn la categor\u00eda de acabados y otras t\u00e9cnicas tradicionales.RED NACIONAL DE MAESTROS DE LA CONSTRUCCI\u00d3NTRADICIONALhttps:\/\/redmaestros.com&nbsp;2019PREMIO DE RESTAURACI\u00d3N &#8211; CHROMAPremios Nacionales de Artesan\u00edaGENERALITAT DE CATALUNYAhttps:\/\/ccam.gencat.cat\/ca\/inici&nbsp;2018FINALISTA DE LOS PREMIOS TONI COBOS &#8211; CHROMAA LA MEJOR RESTAURACI\u00d3N DE UNA FACHADA PRINCIPAL.Grupo de Recuperaci\u00f3n y Estudio de [&hellip;]<\/p>\n","protected":false},"author":1,"featured_media":0,"parent":0,"menu_order":0,"comment_status":"closed","ping_status":"closed","template":"","meta":{"_et_pb_use_builder":"on","_et_pb_old_content":"","_et_gb_content_width":"","footnotes":""},"class_list":["post-1246","page","type-page","status-publish","hentry"],"_links":{"self":[{"href":"https:\/\/www.chroma.es\/es\/wp-json\/wp\/v2\/pages\/1246","targetHints":{"allow":["GET"]}}],"collection":[{"href":"https:\/\/www.chroma.es\/es\/wp-json\/wp\/v2\/pages"}],"about":[{"href":"https:\/\/www.chroma.es\/es\/wp-json\/wp\/v2\/types\/page"}],"author":[{"embeddable":true,"href":"https:\/\/www.chroma.es\/es\/wp-json\/wp\/v2\/users\/1"}],"replies":[{"embeddable":true,"href":"https:\/\/www.chroma.es\/es\/wp-json\/wp\/v2\/comments?post=1246"}],"version-history":[{"count":12,"href":"https:\/\/www.chroma.es\/es\/wp-json\/wp\/v2\/pages\/1246\/revisions"}],"predecessor-version":[{"id":2183,"href":"https:\/\/www.chroma.es\/es\/wp-json\/wp\/v2\/pages\/1246\/revisions\/2183"}],"wp:attachment":[{"href":"https:\/\/www.chroma.es\/es\/wp-json\/wp\/v2\/media?parent=1246"}],"curies":[{"name":"wp","href":"https:\/\/api.w.org\/{rel}","templated":true}]}}